{"id":1284,"date":"2023-11-09T12:06:25","date_gmt":"2023-11-09T12:06:25","guid":{"rendered":"https:\/\/wigge.pt\/?page_id=1284"},"modified":"2024-08-12T16:00:42","modified_gmt":"2024-08-12T16:00:42","slug":"servico-pos-venda","status":"publish","type":"page","link":"https:\/\/wigge.pt\/fr\/servico-pos-venda\/","title":{"rendered":"Service apr\u00e8s-vente"},"content":{"rendered":"<div data-elementor-type=\"wp-page\" data-elementor-id=\"1284\" class=\"elementor elementor-1284\" data-elementor-post-type=\"page\">\n\t\t\t\t<div class=\"elementor-element elementor-element-1424f44e e-flex e-con-boxed e-con e-parent\" data-id=\"1424f44e\" data-element_type=\"container\" data-e-type=\"container\">\n\t\t\t\t\t<div class=\"e-con-inner\">\n\t\t<div class=\"elementor-element elementor-element-652da75e e-con-full e-flex e-con e-child\" data-id=\"652da75e\" data-element_type=\"container\" data-e-type=\"container\">\n\t\t\t\t<div class=\"elementor-element elementor-element-e803ad0 elementor-widget__width-auto elementor-widget elementor-widget-heading\" data-id=\"e803ad0\" data-element_type=\"widget\" data-e-type=\"widget\" data-widget_type=\"heading.default\">\n\t\t\t\t<div class=\"elementor-widget-container\">\n\t\t\t\t\t<h2 class=\"elementor-heading-title elementor-size-default\">Service apr\u00e8s-vente<\/h2>\t\t\t\t<\/div>\n\t\t\t\t<\/div>\n\t\t\t\t<div class=\"elementor-element elementor-element-20110dfd elementor-widget__width-auto elementor-widget elementor-widget-text-editor\" data-id=\"20110dfd\" data-element_type=\"widget\" data-e-type=\"widget\" data-widget_type=\"text-editor.default\">\n\t\t\t\t<div class=\"elementor-widget-container\">\n\t\t\t\t\t\t\t\t\t<p>Chez Wigge, notre engagement envers la satisfaction du client va bien au-del\u00e0 du point d'achat. Nous comprenons que la v\u00e9ritable mesure du d\u00e9vouement d'une entreprise envers ses clients est la qualit\u00e9 de son service apr\u00e8s-vente. C'est pourquoi nous sommes fiers d'offrir un service apr\u00e8s-vente complet et centr\u00e9 sur le client qui nous distingue de la concurrence.<\/p>\t\t\t\t\t\t\t\t<\/div>\n\t\t\t\t<\/div>\n\t\t\t\t<\/div>\n\t\t<div class=\"elementor-element elementor-element-1a9c847f e-con-full e-flex e-con e-child\" data-id=\"1a9c847f\" data-element_type=\"container\" data-e-type=\"container\">\n\t\t\t\t<div class=\"elementor-element elementor-element-07e5fa1 elementor-button-align-stretch elementor-widget elementor-widget-form\" data-id=\"07e5fa1\" data-element_type=\"widget\" data-e-type=\"widget\" data-settings=\"{&quot;step_next_label&quot;:&quot;Pr\\u00f3ximo&quot;,&quot;step_previous_label&quot;:&quot;Voltar&quot;,&quot;button_width&quot;:&quot;100&quot;,&quot;step_type&quot;:&quot;number_text&quot;,&quot;step_icon_shape&quot;:&quot;circle&quot;}\" data-widget_type=\"form.default\">\n\t\t\t\t<div class=\"elementor-widget-container\">\n\t\t\t\t\t\t\t<form class=\"elementor-form\" method=\"post\" name=\"New Form\" aria-label=\"New Form\" action=\"\">\n\t\t\t<input type=\"hidden\" name=\"post_id\" value=\"1284\"\/>\n\t\t\t<input type=\"hidden\" name=\"form_id\" value=\"07e5fa1\"\/>\n\t\t\t<input type=\"hidden\" name=\"referer_title\" value=\"Servi\u00e7o P\u00f3s Venda - Wigge\" \/>\n\n\t\t\t\t\t\t\t<input type=\"hidden\" name=\"queried_id\" value=\"1284\"\/>\n\t\t\t\n\t\t\t<div class=\"elementor-form-fields-wrapper elementor-labels-above\">\n\t\t\t\t\t\t\t\t<div class=\"elementor-field-type-text elementor-field-group elementor-column elementor-field-group-name elementor-col-100 elementor-field-required elementor-mark-required\">\n\t\t\t\t\t\t\t\t\t\t\t\t<label for=\"form-field-name\" class=\"elementor-field-label\">\n\t\t\t\t\t\t\t\tNom\t\t\t\t\t\t\t<\/label>\n\t\t\t\t\t\t\t\t\t\t\t\t\t\t<input size=\"1\" type=\"text\" name=\"form_fields[name]\" id=\"form-field-name\" class=\"elementor-field elementor-size-sm  elementor-field-textual\" placeholder=\"Nom\" required=\"required\">\n\t\t\t\t\t\t\t\t\t\t\t<\/div>\n\t\t\t\t\t\t\t\t<div class=\"elementor-field-type-text elementor-field-group elementor-column elementor-field-group-field_d743462 elementor-col-50 elementor-field-required elementor-mark-required\">\n\t\t\t\t\t\t\t\t\t\t\t\t<label for=\"form-field-field_d743462\" class=\"elementor-field-label\">\n\t\t\t\t\t\t\t\tNIF\t\t\t\t\t\t\t<\/label>\n\t\t\t\t\t\t\t\t\t\t\t\t\t\t<input size=\"1\" type=\"text\" name=\"form_fields[field_d743462]\" id=\"form-field-field_d743462\" class=\"elementor-field elementor-size-sm  elementor-field-textual\" placeholder=\"NIF\" required=\"required\">\n\t\t\t\t\t\t\t\t\t\t\t<\/div>\n\t\t\t\t\t\t\t\t<div class=\"elementor-field-type-text elementor-field-group elementor-column elementor-field-group-field_27ba4b2 elementor-col-50\">\n\t\t\t\t\t\t\t\t\t\t\t\t<label for=\"form-field-field_27ba4b2\" class=\"elementor-field-label\">\n\t\t\t\t\t\t\t\tNum\u00e9ro de budget\t\t\t\t\t\t\t<\/label>\n\t\t\t\t\t\t\t\t\t\t\t\t\t\t<input size=\"1\" type=\"text\" name=\"form_fields[field_27ba4b2]\" id=\"form-field-field_27ba4b2\" class=\"elementor-field elementor-size-sm  elementor-field-textual\" placeholder=\"Num\u00e9ro de budget\">\n\t\t\t\t\t\t\t\t\t\t\t<\/div>\n\t\t\t\t\t\t\t\t<div class=\"elementor-field-type-email elementor-field-group elementor-column elementor-field-group-email elementor-col-100 elementor-field-required elementor-mark-required\">\n\t\t\t\t\t\t\t\t\t\t\t\t<label for=\"form-field-email\" class=\"elementor-field-label\">\n\t\t\t\t\t\t\t\tEmail\t\t\t\t\t\t\t<\/label>\n\t\t\t\t\t\t\t\t\t\t\t\t\t\t<input size=\"1\" type=\"email\" name=\"form_fields[email]\" id=\"form-field-email\" class=\"elementor-field elementor-size-sm  elementor-field-textual\" placeholder=\"je@monemail.com\" required=\"required\">\n\t\t\t\t\t\t\t\t\t\t\t<\/div>\n\t\t\t\t\t\t\t\t<div class=\"elementor-field-type-tel elementor-field-group elementor-column elementor-field-group-field_b8d6722 elementor-col-100\">\n\t\t\t\t\t\t\t\t\t\t\t\t<label for=\"form-field-field_b8d6722\" class=\"elementor-field-label\">\n\t\t\t\t\t\t\t\tContact\t\t\t\t\t\t\t<\/label>\n\t\t\t\t\t\t\t\t<input size=\"1\" type=\"tel\" name=\"form_fields[field_b8d6722]\" id=\"form-field-field_b8d6722\" class=\"elementor-field elementor-size-sm  elementor-field-textual\" placeholder=\"900 000 000\" pattern=\"[0-9()#&amp;+*-=.]+\" title=\"Seuls les chiffres et les caract\u00e8res de t\u00e9l\u00e9phone (#, -, *, etc.) sont accept\u00e9s.\" data-no-translation-title=\"\">\n\n\t\t\t\t\t\t<\/div>\n\t\t\t\t\t\t\t\t<div class=\"elementor-field-type-textarea elementor-field-group elementor-column elementor-field-group-message elementor-col-100 elementor-field-required elementor-mark-required\">\n\t\t\t\t\t\t\t\t\t\t\t\t<label for=\"form-field-message\" class=\"elementor-field-label\">\n\t\t\t\t\t\t\t\tDescription du probl\u00e8me\t\t\t\t\t\t\t<\/label>\n\t\t\t\t\t\t<textarea class=\"elementor-field-textual elementor-field  elementor-size-sm\" name=\"form_fields[message]\" id=\"form-field-message\" rows=\"4\" placeholder=\"D\u00e9crivez le probl\u00e8me en d\u00e9tail\" required=\"required\"><\/textarea>\t\t\t\t<\/div>\n\t\t\t\t\t\t\t\t<div class=\"elementor-field-type-upload elementor-field-group elementor-column elementor-field-group-field_39f41b9 elementor-col-100\">\n\t\t\t\t\t\t\t<input type=\"file\" name=\"form_fields[field_39f41b9][]\" id=\"form-field-field_39f41b9\" class=\"elementor-field elementor-size-sm  elementor-upload-field\" multiple=\"multiple\" data-maxsize=\"10\" data-maxsize-message=\"Ce fichier d\u00e9passe la taille maximale autoris\u00e9e.\" data-no-translation-data-maxsize-message=\"\">\n\n\t\t\t\t\t\t<\/div>\n\t\t\t\t\t\t\t\t<div class=\"elementor-field-group elementor-column elementor-field-type-submit elementor-col-100 e-form__buttons\">\n\t\t\t\t\t<button class=\"elementor-button elementor-size-sm elementor-animation-push\" type=\"submit\">\n\t\t\t\t\t\t<span class=\"elementor-button-content-wrapper\">\n\t\t\t\t\t\t\t\t\t\t\t\t\t\t\t\t\t\t\t\t\t\t<span class=\"elementor-button-text\">Envoyer<\/span>\n\t\t\t\t\t\t\t\t\t\t\t\t\t<\/span>\n\t\t\t\t\t<\/button>\n\t\t\t\t<\/div>\n\t\t\t<\/div>\n\t\t<input type=\"hidden\" name=\"trp-form-language\" value=\"fr\"\/><\/form>\n\t\t\t\t\t\t<\/div>\n\t\t\t\t<\/div>\n\t\t\t\t<\/div>\n\t\t\t\t\t<\/div>\n\t\t\t\t<\/div>\n\t\t\t\t<\/div>","protected":false},"excerpt":{"rendered":"<p>Servi\u00e7o p\u00f3s-venda Na Wigge, o nosso compromisso com a satisfa\u00e7\u00e3o do cliente vai muito al\u00e9m do ponto de compra. Entendemos que a verdadeira medida da dedica\u00e7\u00e3o de uma empresa aos seus clientes est\u00e1 na qualidade do seu servi\u00e7o p\u00f3s-venda. \u00c9 por isso que nos orgulhamos de oferecer um servi\u00e7o p\u00f3s-venda abrangente e centrado no cliente, [&hellip;]<\/p>","protected":false},"author":2,"featured_media":0,"parent":0,"menu_order":0,"comment_status":"closed","ping_status":"closed","template":"","meta":{"footnotes":""},"class_list":["post-1284","page","type-page","status-publish","hentry"],"yoast_head":"<!-- This site is optimized with the Yoast SEO plugin v26.8 - https:\/\/yoast.com\/product\/yoast-seo-wordpress\/ -->\n<title>Servi\u00e7o P\u00f3s Venda - Wigge<\/title>\n<meta name=\"robots\" content=\"index, follow, max-snippet:-1, max-image-preview:large, max-video-preview:-1\" \/>\n<link rel=\"canonical\" href=\"https:\/\/wigge.pt\/fr\/servico-pos-venda\/\" \/>\n<meta property=\"og:locale\" content=\"fr_FR\" \/>\n<meta property=\"og:type\" content=\"article\" \/>\n<meta property=\"og:title\" content=\"Servi\u00e7o P\u00f3s Venda - Wigge\" \/>\n<meta property=\"og:description\" content=\"Servi\u00e7o p\u00f3s-venda Na Wigge, o nosso compromisso com a satisfa\u00e7\u00e3o do cliente vai muito al\u00e9m do ponto de compra. Entendemos que a verdadeira medida da dedica\u00e7\u00e3o de uma empresa aos seus clientes est\u00e1 na qualidade do seu servi\u00e7o p\u00f3s-venda. \u00c9 por isso que nos orgulhamos de oferecer um servi\u00e7o p\u00f3s-venda abrangente e centrado no cliente, [&hellip;]\" \/>\n<meta property=\"og:url\" content=\"https:\/\/wigge.pt\/fr\/servico-pos-venda\/\" \/>\n<meta property=\"og:site_name\" content=\"Wigge\" \/>\n<meta property=\"article:publisher\" content=\"https:\/\/www.facebook.com\/wigge.pt\/\" \/>\n<meta property=\"article:modified_time\" content=\"2024-08-12T16:00:42+00:00\" \/>\n<meta property=\"og:image\" content=\"https:\/\/wigge.pt\/wp-content\/uploads\/2023\/10\/Wooden-Accessories-Store-About.jpg\" \/>\n\t<meta property=\"og:image:width\" content=\"400\" \/>\n\t<meta property=\"og:image:height\" content=\"380\" \/>\n\t<meta property=\"og:image:type\" content=\"image\/jpeg\" \/>\n<meta name=\"twitter:card\" content=\"summary_large_image\" \/>\n<script type=\"application\/ld+json\" class=\"yoast-schema-graph\">{\"@context\":\"https:\/\/schema.org\",\"@graph\":[{\"@type\":[\"Article\",\"BlogPosting\"],\"@id\":\"https:\/\/wigge.pt\/servico-pos-venda\/#article\",\"isPartOf\":{\"@id\":\"https:\/\/wigge.pt\/servico-pos-venda\/\"},\"author\":{\"name\":\"Marta Martinho\",\"@id\":\"https:\/\/wigge.pt\/#\/schema\/person\/fb479fa759d7dd0d65b2aabf406b8425\"},\"headline\":\"Servi\u00e7o P\u00f3s Venda\",\"datePublished\":\"2023-11-09T12:06:25+00:00\",\"dateModified\":\"2024-08-12T16:00:42+00:00\",\"mainEntityOfPage\":{\"@id\":\"https:\/\/wigge.pt\/servico-pos-venda\/\"},\"wordCount\":74,\"publisher\":{\"@id\":\"https:\/\/wigge.pt\/#organization\"},\"inLanguage\":\"fr-FR\"},{\"@type\":\"WebPage\",\"@id\":\"https:\/\/wigge.pt\/servico-pos-venda\/\",\"url\":\"https:\/\/wigge.pt\/servico-pos-venda\/\",\"name\":\"Servi\u00e7o P\u00f3s Venda - Wigge\",\"isPartOf\":{\"@id\":\"https:\/\/wigge.pt\/#website\"},\"datePublished\":\"2023-11-09T12:06:25+00:00\",\"dateModified\":\"2024-08-12T16:00:42+00:00\",\"breadcrumb\":{\"@id\":\"https:\/\/wigge.pt\/servico-pos-venda\/#breadcrumb\"},\"inLanguage\":\"fr-FR\",\"potentialAction\":[{\"@type\":\"ReadAction\",\"target\":[\"https:\/\/wigge.pt\/servico-pos-venda\/\"]}]},{\"@type\":\"BreadcrumbList\",\"@id\":\"https:\/\/wigge.pt\/servico-pos-venda\/#breadcrumb\",\"itemListElement\":[{\"@type\":\"ListItem\",\"position\":1,\"name\":\"In\u00edcio\",\"item\":\"https:\/\/wigge.pt\/\"},{\"@type\":\"ListItem\",\"position\":2,\"name\":\"Servi\u00e7o P\u00f3s Venda\"}]},{\"@type\":\"WebSite\",\"@id\":\"https:\/\/wigge.pt\/#website\",\"url\":\"https:\/\/wigge.pt\/\",\"name\":\"Wigge\",\"description\":\"Na Wigge transformamos casas em lares, uma janela e uma porta de cada vez.\",\"publisher\":{\"@id\":\"https:\/\/wigge.pt\/#organization\"},\"potentialAction\":[{\"@type\":\"SearchAction\",\"target\":{\"@type\":\"EntryPoint\",\"urlTemplate\":\"https:\/\/wigge.pt\/?s={search_term_string}\"},\"query-input\":{\"@type\":\"PropertyValueSpecification\",\"valueRequired\":true,\"valueName\":\"search_term_string\"}}],\"inLanguage\":\"fr-FR\"},{\"@type\":\"Organization\",\"@id\":\"https:\/\/wigge.pt\/#organization\",\"name\":\"Wigge\",\"url\":\"https:\/\/wigge.pt\/\",\"logo\":{\"@type\":\"ImageObject\",\"inLanguage\":\"fr-FR\",\"@id\":\"https:\/\/wigge.pt\/#\/schema\/logo\/image\/\",\"url\":\"https:\/\/wigge.pt\/wp-content\/uploads\/2023\/11\/Wigge_Logo_Amarelo.png\",\"contentUrl\":\"https:\/\/wigge.pt\/wp-content\/uploads\/2023\/11\/Wigge_Logo_Amarelo.png\",\"width\":2662,\"height\":959,\"caption\":\"Wigge\"},\"image\":{\"@id\":\"https:\/\/wigge.pt\/#\/schema\/logo\/image\/\"},\"sameAs\":[\"https:\/\/www.facebook.com\/wigge.pt\/\",\"https:\/\/www.instagram.com\/wigge.pt\/\",\"https:\/\/www.linkedin.com\/company\/wigge-pt\"]},{\"@type\":\"Person\",\"@id\":\"https:\/\/wigge.pt\/#\/schema\/person\/fb479fa759d7dd0d65b2aabf406b8425\",\"name\":\"Marta Martinho\",\"url\":\"https:\/\/wigge.pt\/fr\/author\/marta\/\"}]}<\/script>\n<!-- \/ Yoast SEO plugin. -->","yoast_head_json":{"title":"Servi\u00e7o P\u00f3s Venda - Wigge","robots":{"index":"index","follow":"follow","max-snippet":"max-snippet:-1","max-image-preview":"max-image-preview:large","max-video-preview":"max-video-preview:-1"},"canonical":"https:\/\/wigge.pt\/fr\/servico-pos-venda\/","og_locale":"fr_FR","og_type":"article","og_title":"Servi\u00e7o P\u00f3s Venda - Wigge","og_description":"Servi\u00e7o p\u00f3s-venda Na Wigge, o nosso compromisso com a satisfa\u00e7\u00e3o do cliente vai muito al\u00e9m do ponto de compra. Entendemos que a verdadeira medida da dedica\u00e7\u00e3o de uma empresa aos seus clientes est\u00e1 na qualidade do seu servi\u00e7o p\u00f3s-venda. \u00c9 por isso que nos orgulhamos de oferecer um servi\u00e7o p\u00f3s-venda abrangente e centrado no cliente, [&hellip;]","og_url":"https:\/\/wigge.pt\/fr\/servico-pos-venda\/","og_site_name":"Wigge","article_publisher":"https:\/\/www.facebook.com\/wigge.pt\/","article_modified_time":"2024-08-12T16:00:42+00:00","og_image":[{"width":400,"height":380,"url":"https:\/\/wigge.pt\/wp-content\/uploads\/2023\/10\/Wooden-Accessories-Store-About.jpg","type":"image\/jpeg"}],"twitter_card":"summary_large_image","schema":{"@context":"https:\/\/schema.org","@graph":[{"@type":["Article","BlogPosting"],"@id":"https:\/\/wigge.pt\/servico-pos-venda\/#article","isPartOf":{"@id":"https:\/\/wigge.pt\/servico-pos-venda\/"},"author":{"name":"Marta Martinho","@id":"https:\/\/wigge.pt\/#\/schema\/person\/fb479fa759d7dd0d65b2aabf406b8425"},"headline":"Servi\u00e7o P\u00f3s Venda","datePublished":"2023-11-09T12:06:25+00:00","dateModified":"2024-08-12T16:00:42+00:00","mainEntityOfPage":{"@id":"https:\/\/wigge.pt\/servico-pos-venda\/"},"wordCount":74,"publisher":{"@id":"https:\/\/wigge.pt\/#organization"},"inLanguage":"fr-FR"},{"@type":"WebPage","@id":"https:\/\/wigge.pt\/servico-pos-venda\/","url":"https:\/\/wigge.pt\/servico-pos-venda\/","name":"Servi\u00e7o P\u00f3s Venda - Wigge","isPartOf":{"@id":"https:\/\/wigge.pt\/#website"},"datePublished":"2023-11-09T12:06:25+00:00","dateModified":"2024-08-12T16:00:42+00:00","breadcrumb":{"@id":"https:\/\/wigge.pt\/servico-pos-venda\/#breadcrumb"},"inLanguage":"fr-FR","potentialAction":[{"@type":"ReadAction","target":["https:\/\/wigge.pt\/servico-pos-venda\/"]}]},{"@type":"BreadcrumbList","@id":"https:\/\/wigge.pt\/servico-pos-venda\/#breadcrumb","itemListElement":[{"@type":"ListItem","position":1,"name":"In\u00edcio","item":"https:\/\/wigge.pt\/"},{"@type":"ListItem","position":2,"name":"Servi\u00e7o P\u00f3s Venda"}]},{"@type":"WebSite","@id":"https:\/\/wigge.pt\/#website","url":"https:\/\/wigge.pt\/","name":"Wigge","description":"Na Wigge transformamos casas em lares, uma janela e uma porta de cada vez.","publisher":{"@id":"https:\/\/wigge.pt\/#organization"},"potentialAction":[{"@type":"SearchAction","target":{"@type":"EntryPoint","urlTemplate":"https:\/\/wigge.pt\/?s={search_term_string}"},"query-input":{"@type":"PropertyValueSpecification","valueRequired":true,"valueName":"search_term_string"}}],"inLanguage":"fr-FR"},{"@type":"Organization","@id":"https:\/\/wigge.pt\/#organization","name":"Wigge","url":"https:\/\/wigge.pt\/","logo":{"@type":"ImageObject","inLanguage":"fr-FR","@id":"https:\/\/wigge.pt\/#\/schema\/logo\/image\/","url":"https:\/\/wigge.pt\/wp-content\/uploads\/2023\/11\/Wigge_Logo_Amarelo.png","contentUrl":"https:\/\/wigge.pt\/wp-content\/uploads\/2023\/11\/Wigge_Logo_Amarelo.png","width":2662,"height":959,"caption":"Wigge"},"image":{"@id":"https:\/\/wigge.pt\/#\/schema\/logo\/image\/"},"sameAs":["https:\/\/www.facebook.com\/wigge.pt\/","https:\/\/www.instagram.com\/wigge.pt\/","https:\/\/www.linkedin.com\/company\/wigge-pt"]},{"@type":"Person","@id":"https:\/\/wigge.pt\/#\/schema\/person\/fb479fa759d7dd0d65b2aabf406b8425","name":"Marta Martinho","url":"https:\/\/wigge.pt\/fr\/author\/marta\/"}]}},"_links":{"self":[{"href":"https:\/\/wigge.pt\/fr\/wp-json\/wp\/v2\/pages\/1284","targetHints":{"allow":["GET"]}}],"collection":[{"href":"https:\/\/wigge.pt\/fr\/wp-json\/wp\/v2\/pages"}],"about":[{"href":"https:\/\/wigge.pt\/fr\/wp-json\/wp\/v2\/types\/page"}],"author":[{"embeddable":true,"href":"https:\/\/wigge.pt\/fr\/wp-json\/wp\/v2\/users\/2"}],"replies":[{"embeddable":true,"href":"https:\/\/wigge.pt\/fr\/wp-json\/wp\/v2\/comments?post=1284"}],"version-history":[{"count":41,"href":"https:\/\/wigge.pt\/fr\/wp-json\/wp\/v2\/pages\/1284\/revisions"}],"predecessor-version":[{"id":2590,"href":"https:\/\/wigge.pt\/fr\/wp-json\/wp\/v2\/pages\/1284\/revisions\/2590"}],"wp:attachment":[{"href":"https:\/\/wigge.pt\/fr\/wp-json\/wp\/v2\/media?parent=1284"}],"curies":[{"name":"wp","href":"https:\/\/api.w.org\/{rel}","templated":true}]}}