{"id":1636,"date":"2024-01-11T11:48:02","date_gmt":"2024-01-11T11:48:02","guid":{"rendered":"https:\/\/wigge.pt\/?page_id=1636"},"modified":"2024-08-12T16:37:48","modified_gmt":"2024-08-12T16:37:48","slug":"inovacao-soon","status":"publish","type":"page","link":"https:\/\/wigge.pt\/fr\/inovacao-soon\/","title":{"rendered":"Innovation"},"content":{"rendered":"<div data-elementor-type=\"wp-page\" data-elementor-id=\"1636\" class=\"elementor elementor-1636\" data-elementor-post-type=\"page\">\n\t\t\t\t<div class=\"elementor-element elementor-element-21761ba0 e-flex e-con-boxed e-con e-parent\" data-id=\"21761ba0\" data-element_type=\"container\" data-e-type=\"container\">\n\t\t\t\t\t<div class=\"e-con-inner\">\n\t\t\t\t<div class=\"elementor-element elementor-element-44a91ba2 elementor-widget elementor-widget-heading\" data-id=\"44a91ba2\" data-element_type=\"widget\" data-e-type=\"widget\" data-widget_type=\"heading.default\">\n\t\t\t\t<div class=\"elementor-widget-container\">\n\t\t\t\t\t<h2 class=\"elementor-heading-title elementor-size-default\">Innovation<\/h2>\t\t\t\t<\/div>\n\t\t\t\t<\/div>\n\t\t\t\t<div class=\"elementor-element elementor-element-7567a089 elementor-widget elementor-widget-heading\" data-id=\"7567a089\" data-element_type=\"widget\" data-e-type=\"widget\" data-widget_type=\"heading.default\">\n\t\t\t\t<div class=\"elementor-widget-container\">\n\t\t\t\t\t<h2 class=\"elementor-heading-title elementor-size-default\">La fen\u00eatre du futur !<\/h2>\t\t\t\t<\/div>\n\t\t\t\t<\/div>\n\t\t\t\t\t<\/div>\n\t\t\t\t<\/div>\n\t\t<div class=\"elementor-element elementor-element-33437c3c e-flex e-con-boxed e-con e-parent\" data-id=\"33437c3c\" data-element_type=\"container\" data-e-type=\"container\">\n\t\t\t\t\t<div class=\"e-con-inner\">\n\t\t<div class=\"elementor-element elementor-element-246cb432 e-con-full e-flex e-con e-child\" data-id=\"246cb432\" data-element_type=\"container\" data-e-type=\"container\">\n\t\t\t\t<div class=\"elementor-element elementor-element-ae66361 elementor-widget elementor-widget-image\" data-id=\"ae66361\" data-element_type=\"widget\" data-e-type=\"widget\" data-widget_type=\"image.default\">\n\t\t\t\t<div class=\"elementor-widget-container\">\n\t\t\t\t\t\t\t\t\t\t\t\t\t\t\t<img fetchpriority=\"high\" decoding=\"async\" width=\"2048\" height=\"1513\" src=\"https:\/\/wigge.pt\/wp-content\/uploads\/2024\/01\/1680710085741.jpg\" class=\"attachment-full size-full wp-image-1638\" alt=\"\" srcset=\"https:\/\/wigge.pt\/wp-content\/uploads\/2024\/01\/1680710085741.jpg 2048w, https:\/\/wigge.pt\/wp-content\/uploads\/2024\/01\/1680710085741-300x222.jpg 300w, https:\/\/wigge.pt\/wp-content\/uploads\/2024\/01\/1680710085741-1024x757.jpg 1024w, https:\/\/wigge.pt\/wp-content\/uploads\/2024\/01\/1680710085741-768x567.jpg 768w, https:\/\/wigge.pt\/wp-content\/uploads\/2024\/01\/1680710085741-1536x1135.jpg 1536w\" sizes=\"(max-width: 2048px) 100vw, 2048px\" \/>\t\t\t\t\t\t\t\t\t\t\t\t\t\t\t<\/div>\n\t\t\t\t<\/div>\n\t\t\t\t<\/div>\n\t\t<div class=\"elementor-element elementor-element-731e270f e-con-full e-flex e-con e-child\" data-id=\"731e270f\" data-element_type=\"container\" data-e-type=\"container\">\n\t\t\t\t<div class=\"elementor-element elementor-element-3b439d3 elementor-widget__width-auto elementor-widget elementor-widget-heading\" data-id=\"3b439d3\" data-element_type=\"widget\" data-e-type=\"widget\" data-widget_type=\"heading.default\">\n\t\t\t\t<div class=\"elementor-widget-container\">\n\t\t\t\t\t<h2 class=\"elementor-heading-title elementor-size-default\">Acrylcolor<\/h2>\t\t\t\t<\/div>\n\t\t\t\t<\/div>\n\t\t\t\t<div class=\"elementor-element elementor-element-47d1e2ce elementor-widget__width-auto elementor-widget elementor-widget-text-editor\" data-id=\"47d1e2ce\" data-element_type=\"widget\" data-e-type=\"widget\" data-widget_type=\"text-editor.default\">\n\t\t\t\t<div class=\"elementor-widget-container\">\n\t\t\t\t\t\t\t\t\t<p>La couche ext\u00e9rieure en verre acrylique color\u00e9 est tr\u00e8s r\u00e9sistante aux rayures et aux influences climatiques telles que le soleil, le vent, la pluie, le froid et les variations de temp\u00e9rature.<br \/>extensivamente resistente a influ\u00eancias clim\u00e1ticas como sol, vento, chuva, frio e varia\u00e7\u00f5es de<br \/>La surface satin\u00e9e, lisse et non poreuse est insensible aux d\u00e9p\u00f4ts de poussi\u00e8re et de salet\u00e9.<br \/>Il n\u2019y a pas d\u2019\u00e9caillage ni de fissure et il n\u2019est pas n\u00e9cessaire de repeindre.<br \/>Les fen\u00eatres GEALAN-acrylcolor\u00ae ne n\u00e9cessitent donc pratiquement aucun entretien et offrent une facilit\u00e9 de nettoyage impressionnante.<\/p>\t\t\t\t\t\t\t\t<\/div>\n\t\t\t\t<\/div>\n\t\t\t\t<div class=\"elementor-element elementor-element-74b71be8 elementor-widget elementor-widget-button\" data-id=\"74b71be8\" data-element_type=\"widget\" data-e-type=\"widget\" data-widget_type=\"button.default\">\n\t\t\t\t<div class=\"elementor-widget-container\">\n\t\t\t\t\t\t\t\t\t<div class=\"elementor-button-wrapper\">\n\t\t\t\t\t<a class=\"elementor-button elementor-button-link elementor-size-sm elementor-animation-push\" href=\"https:\/\/wigge.pt\/fr\/acrylcolor\/\">\n\t\t\t\t\t\t<span class=\"elementor-button-content-wrapper\">\n\t\t\t\t\t\t\t\t\t<span class=\"elementor-button-text\">En savoir plus<\/span>\n\t\t\t\t\t<\/span>\n\t\t\t\t\t<\/a>\n\t\t\t\t<\/div>\n\t\t\t\t\t\t\t\t<\/div>\n\t\t\t\t<\/div>\n\t\t\t\t<\/div>\n\t\t\t\t\t<\/div>\n\t\t\t\t<\/div>\n\t\t<div class=\"elementor-element elementor-element-558ae76 e-flex e-con-boxed e-con e-parent\" data-id=\"558ae76\" data-element_type=\"container\" data-e-type=\"container\">\n\t\t\t\t\t<div class=\"e-con-inner\">\n\t\t<div class=\"elementor-element elementor-element-ae3e369 e-con-full e-flex e-con e-child\" data-id=\"ae3e369\" data-element_type=\"container\" data-e-type=\"container\">\n\t\t\t\t<div class=\"elementor-element elementor-element-9d5212c elementor-widget__width-auto elementor-widget elementor-widget-heading\" data-id=\"9d5212c\" data-element_type=\"widget\" data-e-type=\"widget\" data-widget_type=\"heading.default\">\n\t\t\t\t<div class=\"elementor-widget-container\">\n\t\t\t\t\t<h2 class=\"elementor-heading-title elementor-size-default\">Maco: TricoatEVO<\/h2>\t\t\t\t<\/div>\n\t\t\t\t<\/div>\n\t\t\t\t<div class=\"elementor-element elementor-element-122e824 elementor-widget__width-auto elementor-widget elementor-widget-text-editor\" data-id=\"122e824\" data-element_type=\"widget\" data-e-type=\"widget\" data-widget_type=\"text-editor.default\">\n\t\t\t\t<div class=\"elementor-widget-container\">\n\t\t\t\t\t\t\t\t\t<p>Robustesse unique. R\u00e9sistance \u00e0 la corrosion in\u00e9gal\u00e9e. Fonctionnement automatique et fluide. Tricoat-Evo est la r\u00e9volution dans la technologie des surfaces. La finition high-tech associe un rev\u00eatement galvanique de haute qualit\u00e9 \u00e0 un joint tribologique. Cela garantit une duret\u00e9 exceptionnelle et une r\u00e9sistance unique. Id\u00e9al pour les environnements extr\u00eames : comme les r\u00e9gions c\u00f4ti\u00e8res, les saunas et les spas.<\/p>\t\t\t\t\t\t\t\t<\/div>\n\t\t\t\t<\/div>\n\t\t\t\t<div class=\"elementor-element elementor-element-429ba82 elementor-widget elementor-widget-button\" data-id=\"429ba82\" data-element_type=\"widget\" data-e-type=\"widget\" data-widget_type=\"button.default\">\n\t\t\t\t<div class=\"elementor-widget-container\">\n\t\t\t\t\t\t\t\t\t<div class=\"elementor-button-wrapper\">\n\t\t\t\t\t<a class=\"elementor-button elementor-button-link elementor-size-sm elementor-animation-push\" href=\"https:\/\/wigge.pt\/fr\/tricoatevo\/\">\n\t\t\t\t\t\t<span class=\"elementor-button-content-wrapper\">\n\t\t\t\t\t\t\t\t\t<span class=\"elementor-button-text\">En savoir plus<\/span>\n\t\t\t\t\t<\/span>\n\t\t\t\t\t<\/a>\n\t\t\t\t<\/div>\n\t\t\t\t\t\t\t\t<\/div>\n\t\t\t\t<\/div>\n\t\t\t\t<\/div>\n\t\t<div class=\"elementor-element elementor-element-8a90e17 e-con-full e-flex e-con e-child\" data-id=\"8a90e17\" data-element_type=\"container\" data-e-type=\"container\">\n\t\t\t\t<div class=\"elementor-element elementor-element-ac602c0 elementor-widget elementor-widget-image\" data-id=\"ac602c0\" data-element_type=\"widget\" data-e-type=\"widget\" data-widget_type=\"image.default\">\n\t\t\t\t<div class=\"elementor-widget-container\">\n\t\t\t\t\t\t\t\t\t\t\t\t\t\t\t<img decoding=\"async\" src=\"https:\/\/wigge.pt\/wp-content\/uploads\/elementor\/thumbs\/Hero-large-Tricoat-Evo-qi5h6nae7yb6f3anepztvf8ag8dxocapt2ufkcu6fk.jpg\" title=\"Hero-large-Tricoat-Evo\" alt=\"Hero-large-Tricoat-Evo\" loading=\"lazy\" \/>\t\t\t\t\t\t\t\t\t\t\t\t\t\t\t<\/div>\n\t\t\t\t<\/div>\n\t\t\t\t<\/div>\n\t\t\t\t\t<\/div>\n\t\t\t\t<\/div>\n\t\t<div class=\"elementor-element elementor-element-130330ea e-con-full e-flex e-con e-parent\" data-id=\"130330ea\" data-element_type=\"container\" data-e-type=\"container\" data-settings=\"{&quot;background_background&quot;:&quot;classic&quot;,&quot;background_motion_fx_motion_fx_scrolling&quot;:&quot;yes&quot;,&quot;background_motion_fx_scale_effect&quot;:&quot;yes&quot;,&quot;background_motion_fx_scale_direction&quot;:&quot;in-out&quot;,&quot;background_motion_fx_scale_speed&quot;:{&quot;unit&quot;:&quot;px&quot;,&quot;size&quot;:4,&quot;sizes&quot;:[]},&quot;background_motion_fx_scale_range&quot;:{&quot;unit&quot;:&quot;%&quot;,&quot;size&quot;:&quot;&quot;,&quot;sizes&quot;:{&quot;start&quot;:20,&quot;end&quot;:80}},&quot;background_motion_fx_devices&quot;:[&quot;desktop&quot;,&quot;tablet&quot;,&quot;mobile&quot;]}\">\n\t\t<div class=\"elementor-element elementor-element-260ba91c e-flex e-con-boxed e-con e-child\" data-id=\"260ba91c\" data-element_type=\"container\" data-e-type=\"container\" data-settings=\"{&quot;background_background&quot;:&quot;classic&quot;}\">\n\t\t\t\t\t<div class=\"e-con-inner\">\n\t\t\t\t<div class=\"elementor-element elementor-element-18b3e91a elementor-widget elementor-widget-heading\" data-id=\"18b3e91a\" data-element_type=\"widget\" data-e-type=\"widget\" data-widget_type=\"heading.default\">\n\t\t\t\t<div class=\"elementor-widget-container\">\n\t\t\t\t\t<h2 class=\"elementor-heading-title elementor-size-default\">Demande de devis<\/h2>\t\t\t\t<\/div>\n\t\t\t\t<\/div>\n\t\t\t\t<div class=\"elementor-element elementor-element-7559039b elementor-widget elementor-widget-text-editor\" data-id=\"7559039b\" data-element_type=\"widget\" data-e-type=\"widget\" data-widget_type=\"text-editor.default\">\n\t\t\t\t<div class=\"elementor-widget-container\">\n\t\t\t\t\t\t\t\t\t<p>Votre projet est unique et pour cette raison votre budget l\u2019est aussi. Prenez contact avec notre \u00e9quipe et d\u00e9couvrez la meilleure solution, adapt\u00e9e \u00e0 vos besoins !<\/p>\t\t\t\t\t\t\t\t<\/div>\n\t\t\t\t<\/div>\n\t\t\t\t<div class=\"elementor-element elementor-element-2b9e8beb elementor-widget elementor-widget-button\" data-id=\"2b9e8beb\" data-element_type=\"widget\" data-e-type=\"widget\" data-widget_type=\"button.default\">\n\t\t\t\t<div class=\"elementor-widget-container\">\n\t\t\t\t\t\t\t\t\t<div class=\"elementor-button-wrapper\">\n\t\t\t\t\t<a class=\"elementor-button elementor-button-link elementor-size-sm elementor-animation-push\" href=\"#elementor-action%3Aaction%3Dpopup%3Aopen%26settings%3DeyJpZCI6IjI0NiIsInRvZ2dsZSI6ZmFsc2V9\">\n\t\t\t\t\t\t<span class=\"elementor-button-content-wrapper\">\n\t\t\t\t\t\t\t\t\t<span class=\"elementor-button-text\">Demande de devis<\/span>\n\t\t\t\t\t<\/span>\n\t\t\t\t\t<\/a>\n\t\t\t\t<\/div>\n\t\t\t\t\t\t\t\t<\/div>\n\t\t\t\t<\/div>\n\t\t\t\t\t<\/div>\n\t\t\t\t<\/div>\n\t\t\t\t<\/div>\n\t\t\t\t<\/div>","protected":false},"excerpt":{"rendered":"<p>Inova\u00e7\u00e3o A janela do futuro! Acrylcolor A camada exterior em vidro acr\u00edlico colorido apresenta uma elevada resist\u00eancia a riscos e \u00e9extensivamente resistente a influ\u00eancias clim\u00e1ticas como sol, vento, chuva, frio e varia\u00e7\u00f5es detemperatura. A superf\u00edcie acetinada, lisa e n\u00e3o porosa \u00e9 impenetr\u00e1vel \u00e0 deposi\u00e7\u00e3o de p\u00f3 esujidade. N\u00e3o ocorre descama\u00e7\u00e3o, abertura de fendas e n\u00e3o [&hellip;]<\/p>","protected":false},"author":2,"featured_media":0,"parent":0,"menu_order":0,"comment_status":"closed","ping_status":"closed","template":"","meta":{"footnotes":""},"class_list":["post-1636","page","type-page","status-publish","hentry"],"yoast_head":"<!-- This site is optimized with the Yoast SEO plugin v26.8 - https:\/\/yoast.com\/product\/yoast-seo-wordpress\/ -->\n<title>Inova\u00e7\u00e3o - Wigge<\/title>\n<meta name=\"robots\" content=\"index, follow, max-snippet:-1, max-image-preview:large, max-video-preview:-1\" \/>\n<link rel=\"canonical\" href=\"https:\/\/wigge.pt\/fr\/inovacao-soon\/\" \/>\n<meta property=\"og:locale\" content=\"fr_FR\" \/>\n<meta property=\"og:type\" content=\"article\" \/>\n<meta property=\"og:title\" content=\"Inova\u00e7\u00e3o - Wigge\" \/>\n<meta property=\"og:description\" content=\"Inova\u00e7\u00e3o A janela do futuro! Acrylcolor A camada exterior em vidro acr\u00edlico colorido apresenta uma elevada resist\u00eancia a riscos e \u00e9extensivamente resistente a influ\u00eancias clim\u00e1ticas como sol, vento, chuva, frio e varia\u00e7\u00f5es detemperatura. A superf\u00edcie acetinada, lisa e n\u00e3o porosa \u00e9 impenetr\u00e1vel \u00e0 deposi\u00e7\u00e3o de p\u00f3 esujidade. N\u00e3o ocorre descama\u00e7\u00e3o, abertura de fendas e n\u00e3o [&hellip;]\" \/>\n<meta property=\"og:url\" content=\"https:\/\/wigge.pt\/fr\/inovacao-soon\/\" \/>\n<meta property=\"og:site_name\" content=\"Wigge\" \/>\n<meta property=\"article:publisher\" content=\"https:\/\/www.facebook.com\/wigge.pt\/\" \/>\n<meta property=\"article:modified_time\" content=\"2024-08-12T16:37:48+00:00\" \/>\n<meta property=\"og:image\" content=\"https:\/\/wigge.pt\/wp-content\/uploads\/2024\/01\/1680710085741.jpg\" \/>\n\t<meta property=\"og:image:width\" content=\"2048\" \/>\n\t<meta property=\"og:image:height\" content=\"1513\" \/>\n\t<meta property=\"og:image:type\" content=\"image\/jpeg\" \/>\n<meta name=\"twitter:card\" content=\"summary_large_image\" \/>\n<meta name=\"twitter:label1\" content=\"Dur\u00e9e de lecture estim\u00e9e\" \/>\n\t<meta name=\"twitter:data1\" content=\"1 minute\" \/>\n<script type=\"application\/ld+json\" class=\"yoast-schema-graph\">{\"@context\":\"https:\/\/schema.org\",\"@graph\":[{\"@type\":[\"Article\",\"BlogPosting\"],\"@id\":\"https:\/\/wigge.pt\/inovacao-soon\/#article\",\"isPartOf\":{\"@id\":\"https:\/\/wigge.pt\/inovacao-soon\/\"},\"author\":{\"name\":\"Marta Martinho\",\"@id\":\"https:\/\/wigge.pt\/#\/schema\/person\/fb479fa759d7dd0d65b2aabf406b8425\"},\"headline\":\"Inova\u00e7\u00e3o\",\"datePublished\":\"2024-01-11T11:48:02+00:00\",\"dateModified\":\"2024-08-12T16:37:48+00:00\",\"mainEntityOfPage\":{\"@id\":\"https:\/\/wigge.pt\/inovacao-soon\/\"},\"wordCount\":196,\"publisher\":{\"@id\":\"https:\/\/wigge.pt\/#organization\"},\"image\":{\"@id\":\"https:\/\/wigge.pt\/inovacao-soon\/#primaryimage\"},\"thumbnailUrl\":\"https:\/\/wigge.pt\/wp-content\/uploads\/2024\/01\/1680710085741.jpg\",\"inLanguage\":\"fr-FR\"},{\"@type\":\"WebPage\",\"@id\":\"https:\/\/wigge.pt\/inovacao-soon\/\",\"url\":\"https:\/\/wigge.pt\/inovacao-soon\/\",\"name\":\"Inova\u00e7\u00e3o - Wigge\",\"isPartOf\":{\"@id\":\"https:\/\/wigge.pt\/#website\"},\"primaryImageOfPage\":{\"@id\":\"https:\/\/wigge.pt\/inovacao-soon\/#primaryimage\"},\"image\":{\"@id\":\"https:\/\/wigge.pt\/inovacao-soon\/#primaryimage\"},\"thumbnailUrl\":\"https:\/\/wigge.pt\/wp-content\/uploads\/2024\/01\/1680710085741.jpg\",\"datePublished\":\"2024-01-11T11:48:02+00:00\",\"dateModified\":\"2024-08-12T16:37:48+00:00\",\"breadcrumb\":{\"@id\":\"https:\/\/wigge.pt\/inovacao-soon\/#breadcrumb\"},\"inLanguage\":\"fr-FR\",\"potentialAction\":[{\"@type\":\"ReadAction\",\"target\":[\"https:\/\/wigge.pt\/inovacao-soon\/\"]}]},{\"@type\":\"ImageObject\",\"inLanguage\":\"fr-FR\",\"@id\":\"https:\/\/wigge.pt\/inovacao-soon\/#primaryimage\",\"url\":\"https:\/\/wigge.pt\/wp-content\/uploads\/2024\/01\/1680710085741.jpg\",\"contentUrl\":\"https:\/\/wigge.pt\/wp-content\/uploads\/2024\/01\/1680710085741.jpg\"},{\"@type\":\"BreadcrumbList\",\"@id\":\"https:\/\/wigge.pt\/inovacao-soon\/#breadcrumb\",\"itemListElement\":[{\"@type\":\"ListItem\",\"position\":1,\"name\":\"In\u00edcio\",\"item\":\"https:\/\/wigge.pt\/\"},{\"@type\":\"ListItem\",\"position\":2,\"name\":\"Inova\u00e7\u00e3o\"}]},{\"@type\":\"WebSite\",\"@id\":\"https:\/\/wigge.pt\/#website\",\"url\":\"https:\/\/wigge.pt\/\",\"name\":\"Wigge\",\"description\":\"Na Wigge transformamos casas em lares, uma janela e uma porta de cada vez.\",\"publisher\":{\"@id\":\"https:\/\/wigge.pt\/#organization\"},\"potentialAction\":[{\"@type\":\"SearchAction\",\"target\":{\"@type\":\"EntryPoint\",\"urlTemplate\":\"https:\/\/wigge.pt\/?s={search_term_string}\"},\"query-input\":{\"@type\":\"PropertyValueSpecification\",\"valueRequired\":true,\"valueName\":\"search_term_string\"}}],\"inLanguage\":\"fr-FR\"},{\"@type\":\"Organization\",\"@id\":\"https:\/\/wigge.pt\/#organization\",\"name\":\"Wigge\",\"url\":\"https:\/\/wigge.pt\/\",\"logo\":{\"@type\":\"ImageObject\",\"inLanguage\":\"fr-FR\",\"@id\":\"https:\/\/wigge.pt\/#\/schema\/logo\/image\/\",\"url\":\"https:\/\/wigge.pt\/wp-content\/uploads\/2023\/11\/Wigge_Logo_Amarelo.png\",\"contentUrl\":\"https:\/\/wigge.pt\/wp-content\/uploads\/2023\/11\/Wigge_Logo_Amarelo.png\",\"width\":2662,\"height\":959,\"caption\":\"Wigge\"},\"image\":{\"@id\":\"https:\/\/wigge.pt\/#\/schema\/logo\/image\/\"},\"sameAs\":[\"https:\/\/www.facebook.com\/wigge.pt\/\",\"https:\/\/www.instagram.com\/wigge.pt\/\",\"https:\/\/www.linkedin.com\/company\/wigge-pt\"]},{\"@type\":\"Person\",\"@id\":\"https:\/\/wigge.pt\/#\/schema\/person\/fb479fa759d7dd0d65b2aabf406b8425\",\"name\":\"Marta Martinho\",\"url\":\"https:\/\/wigge.pt\/fr\/author\/marta\/\"}]}<\/script>\n<!-- \/ Yoast SEO plugin. -->","yoast_head_json":{"title":"Inova\u00e7\u00e3o - Wigge","robots":{"index":"index","follow":"follow","max-snippet":"max-snippet:-1","max-image-preview":"max-image-preview:large","max-video-preview":"max-video-preview:-1"},"canonical":"https:\/\/wigge.pt\/fr\/inovacao-soon\/","og_locale":"fr_FR","og_type":"article","og_title":"Inova\u00e7\u00e3o - Wigge","og_description":"Inova\u00e7\u00e3o A janela do futuro! Acrylcolor A camada exterior em vidro acr\u00edlico colorido apresenta uma elevada resist\u00eancia a riscos e \u00e9extensivamente resistente a influ\u00eancias clim\u00e1ticas como sol, vento, chuva, frio e varia\u00e7\u00f5es detemperatura. A superf\u00edcie acetinada, lisa e n\u00e3o porosa \u00e9 impenetr\u00e1vel \u00e0 deposi\u00e7\u00e3o de p\u00f3 esujidade. N\u00e3o ocorre descama\u00e7\u00e3o, abertura de fendas e n\u00e3o [&hellip;]","og_url":"https:\/\/wigge.pt\/fr\/inovacao-soon\/","og_site_name":"Wigge","article_publisher":"https:\/\/www.facebook.com\/wigge.pt\/","article_modified_time":"2024-08-12T16:37:48+00:00","og_image":[{"width":2048,"height":1513,"url":"https:\/\/wigge.pt\/wp-content\/uploads\/2024\/01\/1680710085741.jpg","type":"image\/jpeg"}],"twitter_card":"summary_large_image","twitter_misc":{"Dur\u00e9e de lecture estim\u00e9e":"1 minute"},"schema":{"@context":"https:\/\/schema.org","@graph":[{"@type":["Article","BlogPosting"],"@id":"https:\/\/wigge.pt\/inovacao-soon\/#article","isPartOf":{"@id":"https:\/\/wigge.pt\/inovacao-soon\/"},"author":{"name":"Marta Martinho","@id":"https:\/\/wigge.pt\/#\/schema\/person\/fb479fa759d7dd0d65b2aabf406b8425"},"headline":"Inova\u00e7\u00e3o","datePublished":"2024-01-11T11:48:02+00:00","dateModified":"2024-08-12T16:37:48+00:00","mainEntityOfPage":{"@id":"https:\/\/wigge.pt\/inovacao-soon\/"},"wordCount":196,"publisher":{"@id":"https:\/\/wigge.pt\/#organization"},"image":{"@id":"https:\/\/wigge.pt\/inovacao-soon\/#primaryimage"},"thumbnailUrl":"https:\/\/wigge.pt\/wp-content\/uploads\/2024\/01\/1680710085741.jpg","inLanguage":"fr-FR"},{"@type":"WebPage","@id":"https:\/\/wigge.pt\/inovacao-soon\/","url":"https:\/\/wigge.pt\/inovacao-soon\/","name":"Inova\u00e7\u00e3o - Wigge","isPartOf":{"@id":"https:\/\/wigge.pt\/#website"},"primaryImageOfPage":{"@id":"https:\/\/wigge.pt\/inovacao-soon\/#primaryimage"},"image":{"@id":"https:\/\/wigge.pt\/inovacao-soon\/#primaryimage"},"thumbnailUrl":"https:\/\/wigge.pt\/wp-content\/uploads\/2024\/01\/1680710085741.jpg","datePublished":"2024-01-11T11:48:02+00:00","dateModified":"2024-08-12T16:37:48+00:00","breadcrumb":{"@id":"https:\/\/wigge.pt\/inovacao-soon\/#breadcrumb"},"inLanguage":"fr-FR","potentialAction":[{"@type":"ReadAction","target":["https:\/\/wigge.pt\/inovacao-soon\/"]}]},{"@type":"ImageObject","inLanguage":"fr-FR","@id":"https:\/\/wigge.pt\/inovacao-soon\/#primaryimage","url":"https:\/\/wigge.pt\/wp-content\/uploads\/2024\/01\/1680710085741.jpg","contentUrl":"https:\/\/wigge.pt\/wp-content\/uploads\/2024\/01\/1680710085741.jpg"},{"@type":"BreadcrumbList","@id":"https:\/\/wigge.pt\/inovacao-soon\/#breadcrumb","itemListElement":[{"@type":"ListItem","position":1,"name":"In\u00edcio","item":"https:\/\/wigge.pt\/"},{"@type":"ListItem","position":2,"name":"Inova\u00e7\u00e3o"}]},{"@type":"WebSite","@id":"https:\/\/wigge.pt\/#website","url":"https:\/\/wigge.pt\/","name":"Wigge","description":"Na Wigge transformamos casas em lares, uma janela e uma porta de cada vez.","publisher":{"@id":"https:\/\/wigge.pt\/#organization"},"potentialAction":[{"@type":"SearchAction","target":{"@type":"EntryPoint","urlTemplate":"https:\/\/wigge.pt\/?s={search_term_string}"},"query-input":{"@type":"PropertyValueSpecification","valueRequired":true,"valueName":"search_term_string"}}],"inLanguage":"fr-FR"},{"@type":"Organization","@id":"https:\/\/wigge.pt\/#organization","name":"Wigge","url":"https:\/\/wigge.pt\/","logo":{"@type":"ImageObject","inLanguage":"fr-FR","@id":"https:\/\/wigge.pt\/#\/schema\/logo\/image\/","url":"https:\/\/wigge.pt\/wp-content\/uploads\/2023\/11\/Wigge_Logo_Amarelo.png","contentUrl":"https:\/\/wigge.pt\/wp-content\/uploads\/2023\/11\/Wigge_Logo_Amarelo.png","width":2662,"height":959,"caption":"Wigge"},"image":{"@id":"https:\/\/wigge.pt\/#\/schema\/logo\/image\/"},"sameAs":["https:\/\/www.facebook.com\/wigge.pt\/","https:\/\/www.instagram.com\/wigge.pt\/","https:\/\/www.linkedin.com\/company\/wigge-pt"]},{"@type":"Person","@id":"https:\/\/wigge.pt\/#\/schema\/person\/fb479fa759d7dd0d65b2aabf406b8425","name":"Marta Martinho","url":"https:\/\/wigge.pt\/fr\/author\/marta\/"}]}},"_links":{"self":[{"href":"https:\/\/wigge.pt\/fr\/wp-json\/wp\/v2\/pages\/1636","targetHints":{"allow":["GET"]}}],"collection":[{"href":"https:\/\/wigge.pt\/fr\/wp-json\/wp\/v2\/pages"}],"about":[{"href":"https:\/\/wigge.pt\/fr\/wp-json\/wp\/v2\/types\/page"}],"author":[{"embeddable":true,"href":"https:\/\/wigge.pt\/fr\/wp-json\/wp\/v2\/users\/2"}],"replies":[{"embeddable":true,"href":"https:\/\/wigge.pt\/fr\/wp-json\/wp\/v2\/comments?post=1636"}],"version-history":[{"count":19,"href":"https:\/\/wigge.pt\/fr\/wp-json\/wp\/v2\/pages\/1636\/revisions"}],"predecessor-version":[{"id":2641,"href":"https:\/\/wigge.pt\/fr\/wp-json\/wp\/v2\/pages\/1636\/revisions\/2641"}],"wp:attachment":[{"href":"https:\/\/wigge.pt\/fr\/wp-json\/wp\/v2\/media?parent=1636"}],"curies":[{"name":"wp","href":"https:\/\/api.w.org\/{rel}","templated":true}]}}