{"id":1648,"date":"2024-01-11T12:08:58","date_gmt":"2024-01-11T12:08:58","guid":{"rendered":"https:\/\/wigge.pt\/?page_id=1648"},"modified":"2024-01-16T10:15:34","modified_gmt":"2024-01-16T10:15:34","slug":"tricoatevo","status":"publish","type":"page","link":"https:\/\/wigge.pt\/fr\/inovacao-soon\/tricoatevo\/","title":{"rendered":"TricoatEVO"},"content":{"rendered":"<div data-elementor-type=\"wp-page\" data-elementor-id=\"1648\" class=\"elementor elementor-1648\" data-elementor-post-type=\"page\">\n\t\t\t\t<div class=\"elementor-element elementor-element-10dcbb81 e-flex e-con-boxed e-con e-parent\" data-id=\"10dcbb81\" data-element_type=\"container\" data-e-type=\"container\">\n\t\t\t\t\t<div class=\"e-con-inner\">\n\t\t\t\t<div class=\"elementor-element elementor-element-69b4babd elementor-widget elementor-widget-heading\" data-id=\"69b4babd\" data-element_type=\"widget\" data-e-type=\"widget\" data-widget_type=\"heading.default\">\n\t\t\t\t<div class=\"elementor-widget-container\">\n\t\t\t\t\t<h2 class=\"elementor-heading-title elementor-size-default\">TricoatEVO<\/h2>\t\t\t\t<\/div>\n\t\t\t\t<\/div>\n\t\t\t\t<div class=\"elementor-element elementor-element-7be13536 elementor-widget elementor-widget-heading\" data-id=\"7be13536\" data-element_type=\"widget\" data-e-type=\"widget\" data-widget_type=\"heading.default\">\n\t\t\t\t<div class=\"elementor-widget-container\">\n\t\t\t\t\t<h2 class=\"elementor-heading-title elementor-size-default\">A superf\u00edcie Premium para aplica\u00e7\u00f5es extremas<\/h2>\t\t\t\t<\/div>\n\t\t\t\t<\/div>\n\t\t\t\t<div class=\"elementor-element elementor-element-95849f2 elementor-widget elementor-widget-heading\" data-id=\"95849f2\" data-element_type=\"widget\" data-e-type=\"widget\" data-widget_type=\"heading.default\">\n\t\t\t\t<div class=\"elementor-widget-container\">\n\t\t\t\t\t<h2 class=\"elementor-heading-title elementor-size-default\">BRI\u00c8VEMENT<\/h2>\t\t\t\t<\/div>\n\t\t\t\t<\/div>\n\t\t\t\t\t<\/div>\n\t\t\t\t<\/div>\n\t\t\t\t<\/div>","protected":false},"excerpt":{"rendered":"<p>TricoatEVO A superf\u00edcie Premium para aplica\u00e7\u00f5es extremas BREVEMENTE<\/p>","protected":false},"author":2,"featured_media":0,"parent":1636,"menu_order":0,"comment_status":"closed","ping_status":"closed","template":"","meta":{"footnotes":""},"class_list":["post-1648","page","type-page","status-publish","hentry"],"yoast_head":"<!-- This site is optimized with the Yoast SEO plugin v26.8 - https:\/\/yoast.com\/product\/yoast-seo-wordpress\/ -->\n<title>TricoatEVO - Wigge<\/title>\n<meta name=\"robots\" content=\"index, follow, max-snippet:-1, max-image-preview:large, max-video-preview:-1\" \/>\n<link rel=\"canonical\" href=\"https:\/\/wigge.pt\/fr\/inovacao-soon\/tricoatevo\/\" \/>\n<meta property=\"og:locale\" content=\"fr_FR\" \/>\n<meta property=\"og:type\" content=\"article\" \/>\n<meta property=\"og:title\" content=\"TricoatEVO - Wigge\" \/>\n<meta property=\"og:description\" content=\"TricoatEVO A superf\u00edcie Premium para aplica\u00e7\u00f5es extremas BREVEMENTE\" \/>\n<meta property=\"og:url\" content=\"https:\/\/wigge.pt\/fr\/inovacao-soon\/tricoatevo\/\" \/>\n<meta property=\"og:site_name\" content=\"Wigge\" \/>\n<meta property=\"article:publisher\" content=\"https:\/\/www.facebook.com\/wigge.pt\/\" \/>\n<meta property=\"article:modified_time\" content=\"2024-01-16T10:15:34+00:00\" \/>\n<meta property=\"og:image\" content=\"https:\/\/wigge.pt\/wp-content\/uploads\/2023\/11\/Captura-de-ecra-2023-11-24-094916.png\" \/>\n\t<meta property=\"og:image:width\" content=\"1542\" \/>\n\t<meta property=\"og:image:height\" content=\"672\" \/>\n\t<meta property=\"og:image:type\" content=\"image\/png\" \/>\n<meta name=\"twitter:card\" content=\"summary_large_image\" \/>\n<script type=\"application\/ld+json\" class=\"yoast-schema-graph\">{\"@context\":\"https:\/\/schema.org\",\"@graph\":[{\"@type\":[\"Article\",\"BlogPosting\"],\"@id\":\"https:\/\/wigge.pt\/inovacao-soon\/tricoatevo\/#article\",\"isPartOf\":{\"@id\":\"https:\/\/wigge.pt\/inovacao-soon\/tricoatevo\/\"},\"author\":{\"name\":\"Marta Martinho\",\"@id\":\"https:\/\/wigge.pt\/#\/schema\/person\/fb479fa759d7dd0d65b2aabf406b8425\"},\"headline\":\"TricoatEVO\",\"datePublished\":\"2024-01-11T12:08:58+00:00\",\"dateModified\":\"2024-01-16T10:15:34+00:00\",\"mainEntityOfPage\":{\"@id\":\"https:\/\/wigge.pt\/inovacao-soon\/tricoatevo\/\"},\"wordCount\":11,\"publisher\":{\"@id\":\"https:\/\/wigge.pt\/#organization\"},\"inLanguage\":\"fr-FR\"},{\"@type\":\"WebPage\",\"@id\":\"https:\/\/wigge.pt\/inovacao-soon\/tricoatevo\/\",\"url\":\"https:\/\/wigge.pt\/inovacao-soon\/tricoatevo\/\",\"name\":\"TricoatEVO - Wigge\",\"isPartOf\":{\"@id\":\"https:\/\/wigge.pt\/#website\"},\"datePublished\":\"2024-01-11T12:08:58+00:00\",\"dateModified\":\"2024-01-16T10:15:34+00:00\",\"breadcrumb\":{\"@id\":\"https:\/\/wigge.pt\/inovacao-soon\/tricoatevo\/#breadcrumb\"},\"inLanguage\":\"fr-FR\",\"potentialAction\":[{\"@type\":\"ReadAction\",\"target\":[\"https:\/\/wigge.pt\/inovacao-soon\/tricoatevo\/\"]}]},{\"@type\":\"BreadcrumbList\",\"@id\":\"https:\/\/wigge.pt\/inovacao-soon\/tricoatevo\/#breadcrumb\",\"itemListElement\":[{\"@type\":\"ListItem\",\"position\":1,\"name\":\"In\u00edcio\",\"item\":\"https:\/\/wigge.pt\/\"},{\"@type\":\"ListItem\",\"position\":2,\"name\":\"Inova\u00e7\u00e3o\",\"item\":\"https:\/\/wigge.pt\/inovacao-soon\/\"},{\"@type\":\"ListItem\",\"position\":3,\"name\":\"TricoatEVO\"}]},{\"@type\":\"WebSite\",\"@id\":\"https:\/\/wigge.pt\/#website\",\"url\":\"https:\/\/wigge.pt\/\",\"name\":\"Wigge\",\"description\":\"Na Wigge transformamos casas em lares, uma janela e uma porta de cada vez.\",\"publisher\":{\"@id\":\"https:\/\/wigge.pt\/#organization\"},\"potentialAction\":[{\"@type\":\"SearchAction\",\"target\":{\"@type\":\"EntryPoint\",\"urlTemplate\":\"https:\/\/wigge.pt\/?s={search_term_string}\"},\"query-input\":{\"@type\":\"PropertyValueSpecification\",\"valueRequired\":true,\"valueName\":\"search_term_string\"}}],\"inLanguage\":\"fr-FR\"},{\"@type\":\"Organization\",\"@id\":\"https:\/\/wigge.pt\/#organization\",\"name\":\"Wigge\",\"url\":\"https:\/\/wigge.pt\/\",\"logo\":{\"@type\":\"ImageObject\",\"inLanguage\":\"fr-FR\",\"@id\":\"https:\/\/wigge.pt\/#\/schema\/logo\/image\/\",\"url\":\"https:\/\/wigge.pt\/wp-content\/uploads\/2023\/11\/Wigge_Logo_Amarelo.png\",\"contentUrl\":\"https:\/\/wigge.pt\/wp-content\/uploads\/2023\/11\/Wigge_Logo_Amarelo.png\",\"width\":2662,\"height\":959,\"caption\":\"Wigge\"},\"image\":{\"@id\":\"https:\/\/wigge.pt\/#\/schema\/logo\/image\/\"},\"sameAs\":[\"https:\/\/www.facebook.com\/wigge.pt\/\",\"https:\/\/www.instagram.com\/wigge.pt\/\",\"https:\/\/www.linkedin.com\/company\/wigge-pt\"]},{\"@type\":\"Person\",\"@id\":\"https:\/\/wigge.pt\/#\/schema\/person\/fb479fa759d7dd0d65b2aabf406b8425\",\"name\":\"Marta Martinho\",\"url\":\"https:\/\/wigge.pt\/fr\/author\/marta\/\"}]}<\/script>\n<!-- \/ Yoast SEO plugin. -->","yoast_head_json":{"title":"TricoatEVO - Wigge","robots":{"index":"index","follow":"follow","max-snippet":"max-snippet:-1","max-image-preview":"max-image-preview:large","max-video-preview":"max-video-preview:-1"},"canonical":"https:\/\/wigge.pt\/fr\/inovacao-soon\/tricoatevo\/","og_locale":"fr_FR","og_type":"article","og_title":"TricoatEVO - Wigge","og_description":"TricoatEVO A superf\u00edcie Premium para aplica\u00e7\u00f5es extremas BREVEMENTE","og_url":"https:\/\/wigge.pt\/fr\/inovacao-soon\/tricoatevo\/","og_site_name":"Wigge","article_publisher":"https:\/\/www.facebook.com\/wigge.pt\/","article_modified_time":"2024-01-16T10:15:34+00:00","og_image":[{"width":1542,"height":672,"url":"https:\/\/wigge.pt\/wp-content\/uploads\/2023\/11\/Captura-de-ecra-2023-11-24-094916.png","type":"image\/png"}],"twitter_card":"summary_large_image","schema":{"@context":"https:\/\/schema.org","@graph":[{"@type":["Article","BlogPosting"],"@id":"https:\/\/wigge.pt\/inovacao-soon\/tricoatevo\/#article","isPartOf":{"@id":"https:\/\/wigge.pt\/inovacao-soon\/tricoatevo\/"},"author":{"name":"Marta Martinho","@id":"https:\/\/wigge.pt\/#\/schema\/person\/fb479fa759d7dd0d65b2aabf406b8425"},"headline":"TricoatEVO","datePublished":"2024-01-11T12:08:58+00:00","dateModified":"2024-01-16T10:15:34+00:00","mainEntityOfPage":{"@id":"https:\/\/wigge.pt\/inovacao-soon\/tricoatevo\/"},"wordCount":11,"publisher":{"@id":"https:\/\/wigge.pt\/#organization"},"inLanguage":"fr-FR"},{"@type":"WebPage","@id":"https:\/\/wigge.pt\/inovacao-soon\/tricoatevo\/","url":"https:\/\/wigge.pt\/inovacao-soon\/tricoatevo\/","name":"TricoatEVO - Wigge","isPartOf":{"@id":"https:\/\/wigge.pt\/#website"},"datePublished":"2024-01-11T12:08:58+00:00","dateModified":"2024-01-16T10:15:34+00:00","breadcrumb":{"@id":"https:\/\/wigge.pt\/inovacao-soon\/tricoatevo\/#breadcrumb"},"inLanguage":"fr-FR","potentialAction":[{"@type":"ReadAction","target":["https:\/\/wigge.pt\/inovacao-soon\/tricoatevo\/"]}]},{"@type":"BreadcrumbList","@id":"https:\/\/wigge.pt\/inovacao-soon\/tricoatevo\/#breadcrumb","itemListElement":[{"@type":"ListItem","position":1,"name":"In\u00edcio","item":"https:\/\/wigge.pt\/"},{"@type":"ListItem","position":2,"name":"Inova\u00e7\u00e3o","item":"https:\/\/wigge.pt\/inovacao-soon\/"},{"@type":"ListItem","position":3,"name":"TricoatEVO"}]},{"@type":"WebSite","@id":"https:\/\/wigge.pt\/#website","url":"https:\/\/wigge.pt\/","name":"Wigge","description":"Na Wigge transformamos casas em lares, uma janela e uma porta de cada vez.","publisher":{"@id":"https:\/\/wigge.pt\/#organization"},"potentialAction":[{"@type":"SearchAction","target":{"@type":"EntryPoint","urlTemplate":"https:\/\/wigge.pt\/?s={search_term_string}"},"query-input":{"@type":"PropertyValueSpecification","valueRequired":true,"valueName":"search_term_string"}}],"inLanguage":"fr-FR"},{"@type":"Organization","@id":"https:\/\/wigge.pt\/#organization","name":"Wigge","url":"https:\/\/wigge.pt\/","logo":{"@type":"ImageObject","inLanguage":"fr-FR","@id":"https:\/\/wigge.pt\/#\/schema\/logo\/image\/","url":"https:\/\/wigge.pt\/wp-content\/uploads\/2023\/11\/Wigge_Logo_Amarelo.png","contentUrl":"https:\/\/wigge.pt\/wp-content\/uploads\/2023\/11\/Wigge_Logo_Amarelo.png","width":2662,"height":959,"caption":"Wigge"},"image":{"@id":"https:\/\/wigge.pt\/#\/schema\/logo\/image\/"},"sameAs":["https:\/\/www.facebook.com\/wigge.pt\/","https:\/\/www.instagram.com\/wigge.pt\/","https:\/\/www.linkedin.com\/company\/wigge-pt"]},{"@type":"Person","@id":"https:\/\/wigge.pt\/#\/schema\/person\/fb479fa759d7dd0d65b2aabf406b8425","name":"Marta Martinho","url":"https:\/\/wigge.pt\/fr\/author\/marta\/"}]}},"_links":{"self":[{"href":"https:\/\/wigge.pt\/fr\/wp-json\/wp\/v2\/pages\/1648","targetHints":{"allow":["GET"]}}],"collection":[{"href":"https:\/\/wigge.pt\/fr\/wp-json\/wp\/v2\/pages"}],"about":[{"href":"https:\/\/wigge.pt\/fr\/wp-json\/wp\/v2\/types\/page"}],"author":[{"embeddable":true,"href":"https:\/\/wigge.pt\/fr\/wp-json\/wp\/v2\/users\/2"}],"replies":[{"embeddable":true,"href":"https:\/\/wigge.pt\/fr\/wp-json\/wp\/v2\/comments?post=1648"}],"version-history":[{"count":5,"href":"https:\/\/wigge.pt\/fr\/wp-json\/wp\/v2\/pages\/1648\/revisions"}],"predecessor-version":[{"id":1660,"href":"https:\/\/wigge.pt\/fr\/wp-json\/wp\/v2\/pages\/1648\/revisions\/1660"}],"up":[{"embeddable":true,"href":"https:\/\/wigge.pt\/fr\/wp-json\/wp\/v2\/pages\/1636"}],"wp:attachment":[{"href":"https:\/\/wigge.pt\/fr\/wp-json\/wp\/v2\/media?parent=1648"}],"curies":[{"name":"wp","href":"https:\/\/api.w.org\/{rel}","templated":true}]}}