{"id":2885,"date":"2025-06-25T08:12:33","date_gmt":"2025-06-25T08:12:33","guid":{"rendered":"https:\/\/wigge.pt\/?page_id=2885"},"modified":"2025-06-25T08:13:24","modified_gmt":"2025-06-25T08:13:24","slug":"acessibilidade","status":"publish","type":"page","link":"https:\/\/wigge.pt\/fr\/acessibilidade\/","title":{"rendered":"Acessibilidade"},"content":{"rendered":"<div data-elementor-type=\"wp-page\" data-elementor-id=\"2885\" class=\"elementor elementor-2885\" data-elementor-post-type=\"page\">\n\t\t\t\t<div class=\"elementor-element elementor-element-2747933e e-flex e-con-boxed e-con e-parent\" data-id=\"2747933e\" data-element_type=\"container\" data-e-type=\"container\">\n\t\t\t\t\t<div class=\"e-con-inner\">\n\t\t\t\t<div class=\"elementor-element elementor-element-46cd877d elementor-widget elementor-widget-heading\" data-id=\"46cd877d\" data-element_type=\"widget\" data-e-type=\"widget\" data-widget_type=\"heading.default\">\n\t\t\t\t<div class=\"elementor-widget-container\">\n\t\t\t\t\t<h1 class=\"elementor-heading-title elementor-size-default\">Declara\u00e7\u00e3o de Acessibilidade<\/h1>\t\t\t\t<\/div>\n\t\t\t\t<\/div>\n\t\t\t\t<div class=\"elementor-element elementor-element-d7dd229 elementor-widget elementor-widget-text-editor\" data-id=\"d7dd229\" data-element_type=\"widget\" data-e-type=\"widget\" data-widget_type=\"text-editor.default\">\n\t\t\t\t<div class=\"elementor-widget-container\">\n\t\t\t\t\t\t\t\t\t<p>\u00daltima atualiza\u00e7\u00e3o: 25\/06\/2025<\/p>\t\t\t\t\t\t\t\t<\/div>\n\t\t\t\t<\/div>\n\t\t\t\t<div class=\"elementor-element elementor-element-6150524 elementor-icon-list--layout-traditional elementor-list-item-link-full_width elementor-widget elementor-widget-icon-list\" data-id=\"6150524\" data-element_type=\"widget\" data-e-type=\"widget\" data-widget_type=\"icon-list.default\">\n\t\t\t\t<div class=\"elementor-widget-container\">\n\t\t\t\t\t\t\t<ul class=\"elementor-icon-list-items\">\n\t\t\t\t\t\t\t<li class=\"elementor-icon-list-item\">\n\t\t\t\t\t\t\t\t\t\t\t<span class=\"elementor-icon-list-icon\">\n\t\t\t\t\t\t\t<i aria-hidden=\"true\" class=\"fas fa-square-full\"><\/i>\t\t\t\t\t\t<\/span>\n\t\t\t\t\t\t\t\t\t\t<span class=\"elementor-icon-list-text\">\u00c2mbito e conformidade<\/span>\n\t\t\t\t\t\t\t\t\t<\/li>\n\t\t\t\t\t\t<\/ul>\n\t\t\t\t\t\t<\/div>\n\t\t\t\t<\/div>\n\t\t\t\t<div class=\"elementor-element elementor-element-6573bb elementor-widget elementor-widget-text-editor\" data-id=\"6573bb\" data-element_type=\"widget\" data-e-type=\"widget\" data-widget_type=\"text-editor.default\">\n\t\t\t\t<div class=\"elementor-widget-container\">\n\t\t\t\t\t\t\t\t\t<p data-start=\"378\" data-end=\"607\">O site wigge.pt pertence \u00e0 Profiltec, com sede em Moimenta da Beira \u2014 Portugal. Esta declara\u00e7\u00e3o aplica-se a todas as p\u00e1ginas institucionais e funcionais do dom\u00ednio wigge.pt.<\/p><p data-start=\"609\" data-end=\"814\">De acordo com os n\u00edveis definidos pela norma internacional <strong data-start=\"668\" data-end=\"689\">WCAG 2.1 n\u00edvel AA<\/strong>, o site encontra-se <strong data-start=\"710\" data-end=\"735\">parcialmente conforme<\/strong>. Algumas \u00e1reas est\u00e3o em conformidade, enquanto outras continuam sob adapta\u00e7\u00e3o.<\/p>\t\t\t\t\t\t\t\t<\/div>\n\t\t\t\t<\/div>\n\t\t\t\t<div class=\"elementor-element elementor-element-6f000a3b elementor-icon-list--layout-traditional elementor-list-item-link-full_width elementor-widget elementor-widget-icon-list\" data-id=\"6f000a3b\" data-element_type=\"widget\" data-e-type=\"widget\" data-widget_type=\"icon-list.default\">\n\t\t\t\t<div class=\"elementor-widget-container\">\n\t\t\t\t\t\t\t<ul class=\"elementor-icon-list-items\">\n\t\t\t\t\t\t\t<li class=\"elementor-icon-list-item\">\n\t\t\t\t\t\t\t\t\t\t\t<span class=\"elementor-icon-list-icon\">\n\t\t\t\t\t\t\t<i aria-hidden=\"true\" class=\"fas fa-square-full\"><\/i>\t\t\t\t\t\t<\/span>\n\t\t\t\t\t\t\t\t\t\t<span class=\"elementor-icon-list-text\">Situa\u00e7\u00e3o atual<\/span>\n\t\t\t\t\t\t\t\t\t<\/li>\n\t\t\t\t\t\t<\/ul>\n\t\t\t\t\t\t<\/div>\n\t\t\t\t<\/div>\n\t\t\t\t<div class=\"elementor-element elementor-element-7306ffb elementor-widget elementor-widget-text-editor\" data-id=\"7306ffb\" data-element_type=\"widget\" data-e-type=\"widget\" data-widget_type=\"text-editor.default\">\n\t\t\t\t<div class=\"elementor-widget-container\">\n\t\t\t\t\t\t\t\t\t<p data-start=\"844\" data-end=\"873\"><strong data-start=\"844\" data-end=\"873\">Conforme com WCAG 2.1 AA:<\/strong><\/p><ul data-start=\"874\" data-end=\"1104\"><li data-start=\"874\" data-end=\"951\"><p data-start=\"876\" data-end=\"951\">Implementa\u00e7\u00e3o de <strong data-start=\"893\" data-end=\"914\">teclado naveg\u00e1vel<\/strong>, tanto em menus como em formul\u00e1rios.<\/p><\/li><li data-start=\"952\" data-end=\"1049\"><p data-start=\"954\" data-end=\"1049\">Utiliza\u00e7\u00e3o de <strong data-start=\"968\" data-end=\"986\">HTML sem\u00e2ntico<\/strong> e listas de defini\u00e7\u00e3o em p\u00e1ginas legais (termos, privacidade).<\/p><\/li><li data-start=\"1050\" data-end=\"1104\"><p data-start=\"1052\" data-end=\"1104\">Textos alternativos presentes em imagens relevantes.<\/p><\/li><\/ul><p data-start=\"1106\" data-end=\"1144\"><strong data-start=\"1106\" data-end=\"1144\">\u00c1reas com melhorias identificadas:<\/strong><\/p><ul data-start=\"1145\" data-end=\"1466\"><li data-start=\"1145\" data-end=\"1269\"><p data-start=\"1147\" data-end=\"1269\"><strong data-start=\"1147\" data-end=\"1167\">Contraste de cor<\/strong> em elementos de texto e bot\u00f5es, alguns ainda abaixo dos requisitos m\u00ednimos (4.5:1 para texto normal).<\/p><\/li><li data-start=\"1270\" data-end=\"1342\"><p data-start=\"1272\" data-end=\"1342\">Aus\u00eancia de alguns <code data-start=\"1291\" data-end=\"1304\">aria-labels<\/code> em bot\u00f5es de navega\u00e7\u00e3o e formul\u00e1rios.<\/p><\/li><li data-start=\"1343\" data-end=\"1466\"><p data-start=\"1345\" data-end=\"1466\">Elementos decorativos ou imagens de banners podem ter texto alternativo <code data-start=\"1417\" data-end=\"1427\">(alt=\"\")<\/code> gen\u00e9rico, sem descri\u00e7\u00e3o significativa.<\/p><\/li><\/ul>\t\t\t\t\t\t\t\t<\/div>\n\t\t\t\t<\/div>\n\t\t\t\t<div class=\"elementor-element elementor-element-ee86736 elementor-icon-list--layout-traditional elementor-list-item-link-full_width elementor-widget elementor-widget-icon-list\" data-id=\"ee86736\" data-element_type=\"widget\" data-e-type=\"widget\" data-widget_type=\"icon-list.default\">\n\t\t\t\t<div class=\"elementor-widget-container\">\n\t\t\t\t\t\t\t<ul class=\"elementor-icon-list-items\">\n\t\t\t\t\t\t\t<li class=\"elementor-icon-list-item\">\n\t\t\t\t\t\t\t\t\t\t\t<span class=\"elementor-icon-list-icon\">\n\t\t\t\t\t\t\t<i aria-hidden=\"true\" class=\"fas fa-square-full\"><\/i>\t\t\t\t\t\t<\/span>\n\t\t\t\t\t\t\t\t\t\t<span class=\"elementor-icon-list-text\">Plano de corre\u00e7\u00e3o<\/span>\n\t\t\t\t\t\t\t\t\t<\/li>\n\t\t\t\t\t\t<\/ul>\n\t\t\t\t\t\t<\/div>\n\t\t\t\t<\/div>\n\t\t\t\t<div class=\"elementor-element elementor-element-1e25bcd elementor-widget elementor-widget-text-editor\" data-id=\"1e25bcd\" data-element_type=\"widget\" data-e-type=\"widget\" data-widget_type=\"text-editor.default\">\n\t\t\t\t<div class=\"elementor-widget-container\">\n\t\t\t\t\t\t\t\t\t<p data-start=\"1499\" data-end=\"1613\">Estamos a trabalhar para atingir a conformidade total com WCAG 2.1 AA at\u00e9 <strong data-start=\"1573\" data-end=\"1599\">25 de dezembro de 2025<\/strong>, com foco em:<\/p><ol data-start=\"1615\" data-end=\"2027\"><li data-start=\"1615\" data-end=\"1702\"><p data-start=\"1618\" data-end=\"1702\"><strong data-start=\"1618\" data-end=\"1638\">Contraste visual<\/strong>: ajustando cores de fundo\/texto para cumprir os r\u00e1cios m\u00ednimos.<\/p><\/li><li data-start=\"1703\" data-end=\"1808\"><p data-start=\"1706\" data-end=\"1808\"><strong data-start=\"1706\" data-end=\"1732\">Formul\u00e1rios acess\u00edveis<\/strong>: adicionando r\u00f3tulos claros e identifica\u00e7\u00e3o de erros para leitores de ecr\u00e3.<\/p><\/li><li data-start=\"1809\" data-end=\"1915\"><p data-start=\"1812\" data-end=\"1915\"><strong data-start=\"1812\" data-end=\"1844\">ARIA e navega\u00e7\u00e3o por teclado<\/strong>: melhorando a usabilidade, especialmente para menus e links de rodap\u00e9.<\/p><\/li><li data-start=\"1916\" data-end=\"2027\"><p data-start=\"1919\" data-end=\"2027\"><strong data-start=\"1919\" data-end=\"1952\">Textos alternativos refinados<\/strong> em todas as imagens relevantes, incluindo banners e gr\u00e1ficos informativos.<\/p><\/li><\/ol>\t\t\t\t\t\t\t\t<\/div>\n\t\t\t\t<\/div>\n\t\t\t\t<div class=\"elementor-element elementor-element-81a4f2c elementor-icon-list--layout-traditional elementor-list-item-link-full_width elementor-widget elementor-widget-icon-list\" data-id=\"81a4f2c\" data-element_type=\"widget\" data-e-type=\"widget\" data-widget_type=\"icon-list.default\">\n\t\t\t\t<div class=\"elementor-widget-container\">\n\t\t\t\t\t\t\t<ul class=\"elementor-icon-list-items\">\n\t\t\t\t\t\t\t<li class=\"elementor-icon-list-item\">\n\t\t\t\t\t\t\t\t\t\t\t<span class=\"elementor-icon-list-icon\">\n\t\t\t\t\t\t\t<i aria-hidden=\"true\" class=\"fas fa-square-full\"><\/i>\t\t\t\t\t\t<\/span>\n\t\t\t\t\t\t\t\t\t\t<span class=\"elementor-icon-list-text\">M\u00e9todos de avalia\u00e7\u00e3o<\/span>\n\t\t\t\t\t\t\t\t\t<\/li>\n\t\t\t\t\t\t<\/ul>\n\t\t\t\t\t\t<\/div>\n\t\t\t\t<\/div>\n\t\t\t\t<div class=\"elementor-element elementor-element-d1dcf61 elementor-widget elementor-widget-text-editor\" data-id=\"d1dcf61\" data-element_type=\"widget\" data-e-type=\"widget\" data-widget_type=\"text-editor.default\">\n\t\t\t\t<div class=\"elementor-widget-container\">\n\t\t\t\t\t\t\t\t\t<p data-start=\"2063\" data-end=\"2105\">Esta declara\u00e7\u00e3o foi produzida com base em:<\/p><ul data-start=\"2107\" data-end=\"2394\"><li data-start=\"2178\" data-end=\"2254\"><p data-start=\"2180\" data-end=\"2254\">Verifica\u00e7\u00f5es com ferramentas autom\u00e1ticas como <strong data-start=\"2226\" data-end=\"2234\">WAVE<\/strong> e <strong data-start=\"2237\" data-end=\"2253\">axe DevTools<\/strong>.<\/p><\/li><li data-start=\"2255\" data-end=\"2333\"><p data-start=\"2257\" data-end=\"2333\">Testes com leitura por voz via <strong data-start=\"2288\" data-end=\"2296\">NVDA<\/strong> no Windows e <strong data-start=\"2310\" data-end=\"2323\">VoiceOver<\/strong> em macOS.<\/p><\/li><li data-start=\"2334\" data-end=\"2394\"><p data-start=\"2336\" data-end=\"2394\">Valida\u00e7\u00e3o manual de contraste com ferramentas espec\u00edficas.<\/p><\/li><\/ul>\t\t\t\t\t\t\t\t<\/div>\n\t\t\t\t<\/div>\n\t\t\t\t<div class=\"elementor-element elementor-element-776ed8c elementor-icon-list--layout-traditional elementor-list-item-link-full_width elementor-widget elementor-widget-icon-list\" data-id=\"776ed8c\" data-element_type=\"widget\" data-e-type=\"widget\" data-widget_type=\"icon-list.default\">\n\t\t\t\t<div class=\"elementor-widget-container\">\n\t\t\t\t\t\t\t<ul class=\"elementor-icon-list-items\">\n\t\t\t\t\t\t\t<li class=\"elementor-icon-list-item\">\n\t\t\t\t\t\t\t\t\t\t\t<span class=\"elementor-icon-list-icon\">\n\t\t\t\t\t\t\t<i aria-hidden=\"true\" class=\"fas fa-square-full\"><\/i>\t\t\t\t\t\t<\/span>\n\t\t\t\t\t\t\t\t\t\t<span class=\"elementor-icon-list-text\">Contact<\/span>\n\t\t\t\t\t\t\t\t\t<\/li>\n\t\t\t\t\t\t<\/ul>\n\t\t\t\t\t\t<\/div>\n\t\t\t\t<\/div>\n\t\t\t\t<div class=\"elementor-element elementor-element-31a8a18b elementor-widget elementor-widget-text-editor\" data-id=\"31a8a18b\" data-element_type=\"widget\" data-e-type=\"widget\" data-widget_type=\"text-editor.default\">\n\t\t\t\t<div class=\"elementor-widget-container\">\n\t\t\t\t\t\t\t\t\t<p data-start=\"2418\" data-end=\"2538\">Caso encontre barreiras de acessibilidade no site ou queira partilhar sugest\u00f5es, por favor entre em contacto atrav\u00e9s de:<\/p><ul data-start=\"2540\" data-end=\"2613\"><li data-start=\"2540\" data-end=\"2581\"><p data-start=\"2542\" data-end=\"2581\">\ud83d\udce7 Email: <strong data-start=\"2552\" data-end=\"2579\"><a class=\"cursor-pointer\" rel=\"noopener\" data-start=\"2554\" data-end=\"2577\">web@wigge.pt<\/a><\/strong><\/p><\/li><li data-start=\"2582\" data-end=\"2613\"><p data-start=\"2584\" data-end=\"2613\">\ud83d\udcde Tel.: <strong data-start=\"2593\" data-end=\"2613\">+351 254 249 940<\/strong><\/p><\/li><\/ul><p data-start=\"2615\" data-end=\"2802\">Este contacto destina-se apenas a quest\u00f5es de acessibilidade. Para assuntos relativos a Termos, Privacidade ou Reclama\u00e7\u00f5es, utilize os canais habituais indicados nos Termos &amp; Privacidade.<\/p>\t\t\t\t\t\t\t\t<\/div>\n\t\t\t\t<\/div>\n\t\t\t\t<div class=\"elementor-element elementor-element-a791ec3 elementor-icon-list--layout-traditional elementor-list-item-link-full_width elementor-widget elementor-widget-icon-list\" data-id=\"a791ec3\" data-element_type=\"widget\" data-e-type=\"widget\" data-widget_type=\"icon-list.default\">\n\t\t\t\t<div class=\"elementor-widget-container\">\n\t\t\t\t\t\t\t<ul class=\"elementor-icon-list-items\">\n\t\t\t\t\t\t\t<li class=\"elementor-icon-list-item\">\n\t\t\t\t\t\t\t\t\t\t\t<span class=\"elementor-icon-list-icon\">\n\t\t\t\t\t\t\t<i aria-hidden=\"true\" class=\"fas fa-square-full\"><\/i>\t\t\t\t\t\t<\/span>\n\t\t\t\t\t\t\t\t\t\t<span class=\"elementor-icon-list-text\">Outras informa\u00e7\u00f5es<\/span>\n\t\t\t\t\t\t\t\t\t<\/li>\n\t\t\t\t\t\t<\/ul>\n\t\t\t\t\t\t<\/div>\n\t\t\t\t<\/div>\n\t\t\t\t<div class=\"elementor-element elementor-element-ed0003c elementor-widget elementor-widget-text-editor\" data-id=\"ed0003c\" data-element_type=\"widget\" data-e-type=\"widget\" data-widget_type=\"text-editor.default\">\n\t\t\t\t<div class=\"elementor-widget-container\">\n\t\t\t\t\t\t\t\t\t<ul><li data-start=\"2836\" data-end=\"2952\"><p data-start=\"2838\" data-end=\"2952\">Atualizaremos esta declara\u00e7\u00e3o sempre que sejam implementadas mudan\u00e7as significativas no design ou funcionalidades.<\/p><\/li><li data-start=\"2953\" data-end=\"3110\"><p data-start=\"2955\" data-end=\"3110\">A conformidade com WCAG 2.1 AA permite a utiliza\u00e7\u00e3o otimizada com <strong data-start=\"3021\" data-end=\"3033\">teclados<\/strong>, <strong data-start=\"3035\" data-end=\"3055\">leitores de ecr\u00e3<\/strong>, <strong data-start=\"3057\" data-end=\"3080\">dispositivos m\u00f3veis<\/strong> e <strong data-start=\"3083\" data-end=\"3109\">tecnologias assistivas<\/strong>.<\/p><\/li><li data-start=\"3111\" data-end=\"3220\"><p data-start=\"3113\" data-end=\"3220\">Estamos empenhados em criar uma experi\u00eancia digital inclusiva e acess\u00edvel para todos os visitantes do site.<\/p><\/li><\/ul>\t\t\t\t\t\t\t\t<\/div>\n\t\t\t\t<\/div>\n\t\t\t\t\t<\/div>\n\t\t\t\t<\/div>\n\t\t\t\t<\/div>","protected":false},"excerpt":{"rendered":"<p>Declara\u00e7\u00e3o de Acessibilidade \u00daltima atualiza\u00e7\u00e3o: 25\/06\/2025 \u00c2mbito e conformidade O site wigge.pt pertence \u00e0 Profiltec, com sede em Moimenta da Beira \u2014 Portugal. Esta declara\u00e7\u00e3o aplica-se a todas as p\u00e1ginas institucionais e funcionais do dom\u00ednio wigge.pt. De acordo com os n\u00edveis definidos pela norma internacional WCAG 2.1 n\u00edvel AA, o site encontra-se parcialmente conforme. Algumas [&hellip;]<\/p>","protected":false},"author":2,"featured_media":0,"parent":0,"menu_order":0,"comment_status":"closed","ping_status":"closed","template":"elementor_header_footer","meta":{"footnotes":""},"class_list":["post-2885","page","type-page","status-publish","hentry"],"yoast_head":"<!-- This site is optimized with the Yoast SEO plugin v26.8 - https:\/\/yoast.com\/product\/yoast-seo-wordpress\/ -->\n<title>Acessibilidade - Wigge<\/title>\n<meta name=\"robots\" content=\"noindex, follow\" \/>\n<meta property=\"og:locale\" content=\"fr_FR\" \/>\n<meta property=\"og:type\" content=\"article\" \/>\n<meta property=\"og:title\" content=\"Acessibilidade - Wigge\" \/>\n<meta property=\"og:description\" content=\"Declara\u00e7\u00e3o de Acessibilidade \u00daltima atualiza\u00e7\u00e3o: 25\/06\/2025 \u00c2mbito e conformidade O site wigge.pt pertence \u00e0 Profiltec, com sede em Moimenta da Beira \u2014 Portugal. Esta declara\u00e7\u00e3o aplica-se a todas as p\u00e1ginas institucionais e funcionais do dom\u00ednio wigge.pt. De acordo com os n\u00edveis definidos pela norma internacional WCAG 2.1 n\u00edvel AA, o site encontra-se parcialmente conforme. Algumas [&hellip;]\" \/>\n<meta property=\"og:url\" content=\"https:\/\/wigge.pt\/fr\/acessibilidade\/\" \/>\n<meta property=\"og:site_name\" content=\"Wigge\" \/>\n<meta property=\"article:publisher\" content=\"https:\/\/www.facebook.com\/wigge.pt\/\" \/>\n<meta property=\"article:modified_time\" content=\"2025-06-25T08:13:24+00:00\" \/>\n<meta property=\"og:image\" content=\"https:\/\/wigge.pt\/wp-content\/uploads\/2023\/11\/Captura-de-ecra-2023-11-24-094916.png\" \/>\n\t<meta property=\"og:image:width\" content=\"1542\" \/>\n\t<meta property=\"og:image:height\" content=\"672\" \/>\n\t<meta property=\"og:image:type\" content=\"image\/png\" \/>\n<meta name=\"twitter:card\" content=\"summary_large_image\" \/>\n<meta name=\"twitter:label1\" content=\"Dur\u00e9e de lecture estim\u00e9e\" \/>\n\t<meta name=\"twitter:data1\" content=\"3 minutes\" \/>\n<script type=\"application\/ld+json\" class=\"yoast-schema-graph\">{\"@context\":\"https:\/\/schema.org\",\"@graph\":[{\"@type\":[\"Article\",\"BlogPosting\"],\"@id\":\"https:\/\/wigge.pt\/acessibilidade\/#article\",\"isPartOf\":{\"@id\":\"https:\/\/wigge.pt\/acessibilidade\/\"},\"author\":{\"name\":\"Marta Martinho\",\"@id\":\"https:\/\/wigge.pt\/#\/schema\/person\/fb479fa759d7dd0d65b2aabf406b8425\"},\"headline\":\"Acessibilidade\",\"datePublished\":\"2025-06-25T08:12:33+00:00\",\"dateModified\":\"2025-06-25T08:13:24+00:00\",\"mainEntityOfPage\":{\"@id\":\"https:\/\/wigge.pt\/acessibilidade\/\"},\"wordCount\":407,\"publisher\":{\"@id\":\"https:\/\/wigge.pt\/#organization\"},\"inLanguage\":\"fr-FR\"},{\"@type\":\"WebPage\",\"@id\":\"https:\/\/wigge.pt\/acessibilidade\/\",\"url\":\"https:\/\/wigge.pt\/acessibilidade\/\",\"name\":\"Acessibilidade - Wigge\",\"isPartOf\":{\"@id\":\"https:\/\/wigge.pt\/#website\"},\"datePublished\":\"2025-06-25T08:12:33+00:00\",\"dateModified\":\"2025-06-25T08:13:24+00:00\",\"breadcrumb\":{\"@id\":\"https:\/\/wigge.pt\/acessibilidade\/#breadcrumb\"},\"inLanguage\":\"fr-FR\",\"potentialAction\":[{\"@type\":\"ReadAction\",\"target\":[\"https:\/\/wigge.pt\/acessibilidade\/\"]}]},{\"@type\":\"BreadcrumbList\",\"@id\":\"https:\/\/wigge.pt\/acessibilidade\/#breadcrumb\",\"itemListElement\":[{\"@type\":\"ListItem\",\"position\":1,\"name\":\"In\u00edcio\",\"item\":\"https:\/\/wigge.pt\/\"},{\"@type\":\"ListItem\",\"position\":2,\"name\":\"Acessibilidade\"}]},{\"@type\":\"WebSite\",\"@id\":\"https:\/\/wigge.pt\/#website\",\"url\":\"https:\/\/wigge.pt\/\",\"name\":\"Wigge\",\"description\":\"Na Wigge transformamos casas em lares, uma janela e uma porta de cada vez.\",\"publisher\":{\"@id\":\"https:\/\/wigge.pt\/#organization\"},\"potentialAction\":[{\"@type\":\"SearchAction\",\"target\":{\"@type\":\"EntryPoint\",\"urlTemplate\":\"https:\/\/wigge.pt\/?s={search_term_string}\"},\"query-input\":{\"@type\":\"PropertyValueSpecification\",\"valueRequired\":true,\"valueName\":\"search_term_string\"}}],\"inLanguage\":\"fr-FR\"},{\"@type\":\"Organization\",\"@id\":\"https:\/\/wigge.pt\/#organization\",\"name\":\"Wigge\",\"url\":\"https:\/\/wigge.pt\/\",\"logo\":{\"@type\":\"ImageObject\",\"inLanguage\":\"fr-FR\",\"@id\":\"https:\/\/wigge.pt\/#\/schema\/logo\/image\/\",\"url\":\"https:\/\/wigge.pt\/wp-content\/uploads\/2023\/11\/Wigge_Logo_Amarelo.png\",\"contentUrl\":\"https:\/\/wigge.pt\/wp-content\/uploads\/2023\/11\/Wigge_Logo_Amarelo.png\",\"width\":2662,\"height\":959,\"caption\":\"Wigge\"},\"image\":{\"@id\":\"https:\/\/wigge.pt\/#\/schema\/logo\/image\/\"},\"sameAs\":[\"https:\/\/www.facebook.com\/wigge.pt\/\",\"https:\/\/www.instagram.com\/wigge.pt\/\",\"https:\/\/www.linkedin.com\/company\/wigge-pt\"]},{\"@type\":\"Person\",\"@id\":\"https:\/\/wigge.pt\/#\/schema\/person\/fb479fa759d7dd0d65b2aabf406b8425\",\"name\":\"Marta Martinho\",\"url\":\"https:\/\/wigge.pt\/fr\/author\/marta\/\"}]}<\/script>\n<!-- \/ Yoast SEO plugin. -->","yoast_head_json":{"title":"Acessibilidade - Wigge","robots":{"index":"noindex","follow":"follow"},"og_locale":"fr_FR","og_type":"article","og_title":"Acessibilidade - Wigge","og_description":"Declara\u00e7\u00e3o de Acessibilidade \u00daltima atualiza\u00e7\u00e3o: 25\/06\/2025 \u00c2mbito e conformidade O site wigge.pt pertence \u00e0 Profiltec, com sede em Moimenta da Beira \u2014 Portugal. Esta declara\u00e7\u00e3o aplica-se a todas as p\u00e1ginas institucionais e funcionais do dom\u00ednio wigge.pt. De acordo com os n\u00edveis definidos pela norma internacional WCAG 2.1 n\u00edvel AA, o site encontra-se parcialmente conforme. Algumas [&hellip;]","og_url":"https:\/\/wigge.pt\/fr\/acessibilidade\/","og_site_name":"Wigge","article_publisher":"https:\/\/www.facebook.com\/wigge.pt\/","article_modified_time":"2025-06-25T08:13:24+00:00","og_image":[{"width":1542,"height":672,"url":"https:\/\/wigge.pt\/wp-content\/uploads\/2023\/11\/Captura-de-ecra-2023-11-24-094916.png","type":"image\/png"}],"twitter_card":"summary_large_image","twitter_misc":{"Dur\u00e9e de lecture estim\u00e9e":"3 minutes"},"schema":{"@context":"https:\/\/schema.org","@graph":[{"@type":["Article","BlogPosting"],"@id":"https:\/\/wigge.pt\/acessibilidade\/#article","isPartOf":{"@id":"https:\/\/wigge.pt\/acessibilidade\/"},"author":{"name":"Marta Martinho","@id":"https:\/\/wigge.pt\/#\/schema\/person\/fb479fa759d7dd0d65b2aabf406b8425"},"headline":"Acessibilidade","datePublished":"2025-06-25T08:12:33+00:00","dateModified":"2025-06-25T08:13:24+00:00","mainEntityOfPage":{"@id":"https:\/\/wigge.pt\/acessibilidade\/"},"wordCount":407,"publisher":{"@id":"https:\/\/wigge.pt\/#organization"},"inLanguage":"fr-FR"},{"@type":"WebPage","@id":"https:\/\/wigge.pt\/acessibilidade\/","url":"https:\/\/wigge.pt\/acessibilidade\/","name":"Acessibilidade - Wigge","isPartOf":{"@id":"https:\/\/wigge.pt\/#website"},"datePublished":"2025-06-25T08:12:33+00:00","dateModified":"2025-06-25T08:13:24+00:00","breadcrumb":{"@id":"https:\/\/wigge.pt\/acessibilidade\/#breadcrumb"},"inLanguage":"fr-FR","potentialAction":[{"@type":"ReadAction","target":["https:\/\/wigge.pt\/acessibilidade\/"]}]},{"@type":"BreadcrumbList","@id":"https:\/\/wigge.pt\/acessibilidade\/#breadcrumb","itemListElement":[{"@type":"ListItem","position":1,"name":"In\u00edcio","item":"https:\/\/wigge.pt\/"},{"@type":"ListItem","position":2,"name":"Acessibilidade"}]},{"@type":"WebSite","@id":"https:\/\/wigge.pt\/#website","url":"https:\/\/wigge.pt\/","name":"Wigge","description":"Na Wigge transformamos casas em lares, uma janela e uma porta de cada vez.","publisher":{"@id":"https:\/\/wigge.pt\/#organization"},"potentialAction":[{"@type":"SearchAction","target":{"@type":"EntryPoint","urlTemplate":"https:\/\/wigge.pt\/?s={search_term_string}"},"query-input":{"@type":"PropertyValueSpecification","valueRequired":true,"valueName":"search_term_string"}}],"inLanguage":"fr-FR"},{"@type":"Organization","@id":"https:\/\/wigge.pt\/#organization","name":"Wigge","url":"https:\/\/wigge.pt\/","logo":{"@type":"ImageObject","inLanguage":"fr-FR","@id":"https:\/\/wigge.pt\/#\/schema\/logo\/image\/","url":"https:\/\/wigge.pt\/wp-content\/uploads\/2023\/11\/Wigge_Logo_Amarelo.png","contentUrl":"https:\/\/wigge.pt\/wp-content\/uploads\/2023\/11\/Wigge_Logo_Amarelo.png","width":2662,"height":959,"caption":"Wigge"},"image":{"@id":"https:\/\/wigge.pt\/#\/schema\/logo\/image\/"},"sameAs":["https:\/\/www.facebook.com\/wigge.pt\/","https:\/\/www.instagram.com\/wigge.pt\/","https:\/\/www.linkedin.com\/company\/wigge-pt"]},{"@type":"Person","@id":"https:\/\/wigge.pt\/#\/schema\/person\/fb479fa759d7dd0d65b2aabf406b8425","name":"Marta Martinho","url":"https:\/\/wigge.pt\/fr\/author\/marta\/"}]}},"_links":{"self":[{"href":"https:\/\/wigge.pt\/fr\/wp-json\/wp\/v2\/pages\/2885","targetHints":{"allow":["GET"]}}],"collection":[{"href":"https:\/\/wigge.pt\/fr\/wp-json\/wp\/v2\/pages"}],"about":[{"href":"https:\/\/wigge.pt\/fr\/wp-json\/wp\/v2\/types\/page"}],"author":[{"embeddable":true,"href":"https:\/\/wigge.pt\/fr\/wp-json\/wp\/v2\/users\/2"}],"replies":[{"embeddable":true,"href":"https:\/\/wigge.pt\/fr\/wp-json\/wp\/v2\/comments?post=2885"}],"version-history":[{"count":4,"href":"https:\/\/wigge.pt\/fr\/wp-json\/wp\/v2\/pages\/2885\/revisions"}],"predecessor-version":[{"id":2889,"href":"https:\/\/wigge.pt\/fr\/wp-json\/wp\/v2\/pages\/2885\/revisions\/2889"}],"wp:attachment":[{"href":"https:\/\/wigge.pt\/fr\/wp-json\/wp\/v2\/media?parent=2885"}],"curies":[{"name":"wp","href":"https:\/\/api.w.org\/{rel}","templated":true}]}}